{"id":1172,"date":"2015-11-09T10:17:40","date_gmt":"2015-11-09T10:17:40","guid":{"rendered":"http:\/\/school.jakobreiter.de\/?page_id=87"},"modified":"2015-11-09T10:17:40","modified_gmt":"2015-11-09T10:17:40","slug":"kooperationspartner","status":"publish","type":"page","link":"https:\/\/www.gymnasium-uslar.de\/?page_id=1172","title":{"rendered":"Kooperationspartner"},"content":{"rendered":"<p><a href=\"http:\/\/www.gymnasium-uslar.de\/wp-content\/uploads\/2015\/11\/logo_GU1.jpg\"><br \/>\n<\/a><a href=\"http:\/\/www.gymnasium-uslar.de\/wp-content\/uploads\/2015\/11\/logo_GU1.jpg\"><img loading=\"lazy\" decoding=\"async\" class=\"alignleft wp-image-631 size-medium\" src=\"http:\/\/www.gymnasium-uslar.de\/wp-content\/uploads\/2015\/11\/logo_GU1-300x162.jpg\" alt=\"image description\" width=\"300\" height=\"162\" \/><\/a><\/p>\n<p><a href=\"http:\/\/www.gymnasium-uslar.de\/wp-content\/uploads\/2015\/12\/Logo-VB-Solling-300x121-Kopie.jpg\"><img loading=\"lazy\" decoding=\"async\" class=\"size-medium wp-image-953 alignleft\" src=\"http:\/\/www.gymnasium-uslar.de\/wp-content\/uploads\/2015\/12\/Logo-VB-Solling-300x121-Kopie-300x121.jpg\" alt=\"Logo VB Solling 300x121 Kopie\" width=\"300\" height=\"121\" \/><\/a><\/p>\n<p>&nbsp;<\/p>\n<p>&nbsp;<\/p>\n<p>&nbsp;<\/p>\n<p>&nbsp;<\/p>\n<p>&nbsp;<\/p>\n<p style=\"text-align: justify;\">Die Kooperation zwischen dem Gymnasium Uslar und der Volksbank Solling eG besteht seit vier Jahren. Das Ziel dieser Kooperation ist die Zusammenarbeit von Schule und Wirtschaft in der Region Uslar-Hardegsen. Zahlreiche Veranstaltungen in dieser Zeit beweisen, dass beide Kooperationspartner ihre individuellen &#8222;Kernkompetenzen&#8220; einbringen k\u00f6nnen: die Schule ihre Erfahrungen im p\u00e4dagogischen Bereich und die Volksbank ihr Expertenwissen in Wirtschaft und Finanzen.<\/p>\n<p>Zwei Beispiele f\u00fcr eine\u00a0gelungene Zusammenarbeit:<\/p>\n<p>&nbsp;<\/p>\n<p><a href=\"\/wp-content\/uploads\/2015\/11\/App-Schulung.jpg\"><img loading=\"lazy\" decoding=\"async\" class=\"alignleft wp-image-3730 size-large\" src=\"\/wp-content\/uploads\/2015\/11\/App-Schulung-1024x682.jpg\" alt=\"App Schulung\" width=\"768\" height=\"511\" \/><\/a><\/p>\n<p>&nbsp;<\/p>\n<p>Bei einem Computer-Workshop f\u00fcr\u00a0Senioren in den R\u00e4umen der Volksbank Uslar erkl\u00e4ren Sch\u00fcler die Nutzung von Apps.<\/p>\n<p>Sch\u00fclerinnen und Sch\u00fcler aus Politikkursen der Oberstufe\u00a0besuchen auf Einladung der Volksbank die Frankfurter B\u00f6rse und\u00a0die DZ-Bank.<\/p>\n<p><a href=\"\/wp-content\/uploads\/2016\/06\/1070252a.jpg\"><img loading=\"lazy\" decoding=\"async\" class=\"alignleft wp-image-2141 size-large\" src=\"\/wp-content\/uploads\/2016\/06\/1070252a-1024x709.jpg\" alt=\"_1070252a\" width=\"768\" height=\"531\" \/><\/a><\/p>\n<p>&nbsp;<\/p>\n<p>&nbsp;<\/p>\n<blockquote><p><span style=\"color: #000080;\">Auskunft zur Kooperation zwischen der Volksbank Solling und dem Gymnasium Uslar\u00a0geben Hr.\u00a0Reiter, Hr. Wagener und Fr. Bertram (Volksbank Solling).<\/span><\/p><\/blockquote>\n","protected":false},"excerpt":{"rendered":"<p>&nbsp; &nbsp; &nbsp; &nbsp; &nbsp; Die Kooperation zwischen dem Gymnasium Uslar und der Volksbank Solling eG besteht seit vier Jahren. Das Ziel dieser Kooperation ist die Zusammenarbeit von Schule und Wirtschaft in der Region Uslar-Hardegsen. Zahlreiche Veranstaltungen in dieser Zeit beweisen, dass beide Kooperationspartner ihre individuellen &#8222;Kernkompetenzen&#8220; einbringen k\u00f6nnen: die Schule ihre Erfahrungen im p\u00e4dagogischen [&hellip;]<\/p>\n","protected":false},"author":2,"featured_media":0,"parent":1167,"menu_order":6,"comment_status":"closed","ping_status":"closed","template":"","meta":{"footnotes":""},"class_list":["post-1172","page","type-page","status-publish","hentry"],"_links":{"self":[{"href":"https:\/\/www.gymnasium-uslar.de\/index.php?rest_route=\/wp\/v2\/pages\/1172","targetHints":{"allow":["GET"]}}],"collection":[{"href":"https:\/\/www.gymnasium-uslar.de\/index.php?rest_route=\/wp\/v2\/pages"}],"about":[{"href":"https:\/\/www.gymnasium-uslar.de\/index.php?rest_route=\/wp\/v2\/types\/page"}],"author":[{"embeddable":true,"href":"https:\/\/www.gymnasium-uslar.de\/index.php?rest_route=\/wp\/v2\/users\/2"}],"replies":[{"embeddable":true,"href":"https:\/\/www.gymnasium-uslar.de\/index.php?rest_route=%2Fwp%2Fv2%2Fcomments&post=1172"}],"version-history":[{"count":0,"href":"https:\/\/www.gymnasium-uslar.de\/index.php?rest_route=\/wp\/v2\/pages\/1172\/revisions"}],"up":[{"embeddable":true,"href":"https:\/\/www.gymnasium-uslar.de\/index.php?rest_route=\/wp\/v2\/pages\/1167"}],"wp:attachment":[{"href":"https:\/\/www.gymnasium-uslar.de\/index.php?rest_route=%2Fwp%2Fv2%2Fmedia&parent=1172"}],"curies":[{"name":"wp","href":"https:\/\/api.w.org\/{rel}","templated":true}]}}