{"id":1178,"date":"2015-11-20T07:16:01","date_gmt":"2015-11-20T07:16:01","guid":{"rendered":"http:\/\/school.jakobreiter.de\/?page_id=283"},"modified":"2025-06-08T12:35:48","modified_gmt":"2025-06-08T10:35:48","slug":"konzept","status":"publish","type":"page","link":"https:\/\/www.gymnasium-uslar.de\/?page_id=1178","title":{"rendered":"Konzept"},"content":{"rendered":"\n<figure class=\"wp-block-table\"><table class=\"has-fixed-layout\"><tbody><tr><td><strong>Jahrg\u00e4nge 5 &#8211; 9<\/strong> <\/td><td>Zukunftstag<\/td><\/tr><tr><td><strong>Jahrgang 10<\/strong> (zweites Halbjahr)<\/td><td>Vorbereitung der Suche nach einem Praktikumsplatz.<br>Auftaktveranstaltung mit der Berufsberaterin Antje N\u00fcckel.<\/td><\/tr><tr><td><strong>Jahrgang 11<\/strong>  (November\/Dezember)<\/td><td>Dreiw\u00f6chiges Betriebspraktikum, das im Fach Politik-Wirtschaft vorbereitet und begleitet wird.<\/td><\/tr><tr><td><strong>Jahrgang 12<\/strong><\/td><td>Verschiedene Informationsveranstaltungen f\u00fcr Eltern und Sch\u00fcler mit der Berufsberaterin Antje N\u00fcckel.<br>Studienfeldbezogener Eignungstest.<br>Uni-Informationstag an der Universit\u00e4t G\u00f6ttingen.<\/td><\/tr><tr><td><strong>Jahrg\u00e4nge 10 &#8211; 12<\/strong> (Juni)<\/td><td>Berufsmarkt<\/td><\/tr><tr><td><strong>Jahrg\u00e4nge 11 &#8211; 13<\/strong><\/td><td>Individuelle Beratungsgespr\u00e4che mit der Berufsberaterin Antje N\u00fcckel.<\/td><\/tr><\/tbody><\/table><\/figure>\n\n\n\n<p>\u00a0<\/p>\n\n\n\n<blockquote class=\"wp-block-quote is-layout-flow wp-block-quote-is-layout-flow\">\n<p>Auskunft \u00fcber das Thema Berufs- und Studienberatung gibt Hr. Aramayo.<\/p>\n<\/blockquote>\n\n\n\n<p>&nbsp;<\/p>\n\n\n\n<p>&nbsp;<\/p>\n\n\n\n<p>&nbsp;<\/p>\n","protected":false},"excerpt":{"rendered":"<p>Jahrg\u00e4nge 5 &#8211; 9 Zukunftstag Jahrgang 10 (zweites Halbjahr) Vorbereitung der Suche nach einem Praktikumsplatz.Auftaktveranstaltung mit der Berufsberaterin Antje N\u00fcckel. Jahrgang 11 (November\/Dezember) Dreiw\u00f6chiges Betriebspraktikum, das im Fach Politik-Wirtschaft vorbereitet und begleitet wird. Jahrgang 12 Verschiedene Informationsveranstaltungen f\u00fcr Eltern und Sch\u00fcler mit der Berufsberaterin Antje N\u00fcckel.Studienfeldbezogener Eignungstest.Uni-Informationstag an der Universit\u00e4t G\u00f6ttingen. Jahrg\u00e4nge 10 &#8211; 12 [&hellip;]<\/p>\n","protected":false},"author":2,"featured_media":0,"parent":1170,"menu_order":1,"comment_status":"closed","ping_status":"closed","template":"","meta":{"footnotes":""},"class_list":["post-1178","page","type-page","status-publish","hentry"],"_links":{"self":[{"href":"https:\/\/www.gymnasium-uslar.de\/index.php?rest_route=\/wp\/v2\/pages\/1178","targetHints":{"allow":["GET"]}}],"collection":[{"href":"https:\/\/www.gymnasium-uslar.de\/index.php?rest_route=\/wp\/v2\/pages"}],"about":[{"href":"https:\/\/www.gymnasium-uslar.de\/index.php?rest_route=\/wp\/v2\/types\/page"}],"author":[{"embeddable":true,"href":"https:\/\/www.gymnasium-uslar.de\/index.php?rest_route=\/wp\/v2\/users\/2"}],"replies":[{"embeddable":true,"href":"https:\/\/www.gymnasium-uslar.de\/index.php?rest_route=%2Fwp%2Fv2%2Fcomments&post=1178"}],"version-history":[{"count":2,"href":"https:\/\/www.gymnasium-uslar.de\/index.php?rest_route=\/wp\/v2\/pages\/1178\/revisions"}],"predecessor-version":[{"id":5366,"href":"https:\/\/www.gymnasium-uslar.de\/index.php?rest_route=\/wp\/v2\/pages\/1178\/revisions\/5366"}],"up":[{"embeddable":true,"href":"https:\/\/www.gymnasium-uslar.de\/index.php?rest_route=\/wp\/v2\/pages\/1170"}],"wp:attachment":[{"href":"https:\/\/www.gymnasium-uslar.de\/index.php?rest_route=%2Fwp%2Fv2%2Fmedia&parent=1178"}],"curies":[{"name":"wp","href":"https:\/\/api.w.org\/{rel}","templated":true}]}}