{"id":1179,"date":"2015-11-20T07:16:35","date_gmt":"2015-11-20T07:16:35","guid":{"rendered":"http:\/\/school.jakobreiter.de\/?page_id=285"},"modified":"2025-06-08T11:09:52","modified_gmt":"2025-06-08T09:09:52","slug":"annette-mittag","status":"publish","type":"page","link":"https:\/\/www.gymnasium-uslar.de\/?page_id=1179","title":{"rendered":"Berufsberaterin Antje N\u00fcckel"},"content":{"rendered":"\n<p><span style=\"color: #000000; font-family: Times New Roman;\">&nbsp;<\/span><span style=\"color: #000000; font-family: Times New Roman;\">&nbsp;&nbsp; <\/span><\/p>\n\n\n\n<h3 class=\"wp-block-heading\"><a href=\"\/wp-content\/uploads\/2015\/11\/Antje-N\u00fcckel.jpg\"><img loading=\"lazy\" decoding=\"async\" class=\"alignright wp-image-3660 size-medium\" src=\"\/wp-content\/uploads\/2015\/11\/Antje-N\u00fcckel-218x300.jpg\" alt=\"Antje N\u00fcckel\" width=\"218\" height=\"300\"><\/a>Was ist Berufsberatung?<\/h3>\n\n\n\n<ul class=\"wp-block-list\">\n<li>Zuh\u00f6ren<\/li>\n\n\n\n<li>Gemeinsam auf Ideen kommen<\/li>\n\n\n\n<li>Recherche erleichtern<\/li>\n\n\n\n<li>Bewerbung\u2013 und alles was dazu geh\u00f6rt<\/li>\n\n\n\n<li>Tipps und Shortcuts<\/li>\n\n\n\n<li>Strategien gemeinsam (weiter-)entwickeln<\/li>\n\n\n\n<li>Hindernisse aus dem Weg r\u00e4umen<\/li>\n\n\n\n<li>Finanzierungsm\u00f6glichkeiten zeigen<\/li>\n\n\n\n<li>Ausbildungsstellen finden<\/li>\n\n\n\n<li>\u00dcberblick \u00fcber M\u00f6glichkeiten und Alternativen<\/li>\n\n\n\n<li>Scout im Dschungel der Studieng\u00e4nge<\/li>\n\n\n\n<li>Werbefrei- Unabh\u00e4ngig- Neutral:<\/li>\n\n\n\n<li>Termine im Blick behalten<\/li>\n<\/ul>\n\n\n\n<p><em>Das Ziel ist, dass Du Deinen Weg findest<\/em><em>!<\/em><\/p>\n\n\n\n<p>direkter Kontakt:<\/p>\n\n\n\n<p><strong>Antje.Nueckel@arbeitsagentur.de<\/strong><\/p>\n\n\n\n<p><span style=\"color: #000000;\"> <a href=\"mailto:antje.nueckel@gym-uslar.de\"><span style=\"color: #000000;\"><strong>antje.nueckel@gym-uslar.de<\/strong><\/span><\/a> <\/span><\/p>\n\n\n\n<hr class=\"wp-block-separator has-alpha-channel-opacity\"\/>\n\n\n\n<p>Gespr\u00e4chstermine k\u00f6nnen \u00fcber I-Serv gebucht werden: &#8222;Texte&#8220; > &#8222;Berufsberaterin&#8220;<\/p>\n\n\n\n<p>Ort: Beratungszimmer N-3-3<\/p>\n\n\n\n<p>n\u00e4chster Termin:<\/p>\n\n\n\n<hr class=\"wp-block-separator has-alpha-channel-opacity\"\/>\n\n\n\n<p><\/p>\n","protected":false},"excerpt":{"rendered":"<p>&nbsp;&nbsp;&nbsp; Was ist Berufsberatung? Das Ziel ist, dass Du Deinen Weg findest! direkter Kontakt: Antje.Nueckel@arbeitsagentur.de antje.nueckel@gym-uslar.de Gespr\u00e4chstermine k\u00f6nnen \u00fcber I-Serv gebucht werden: &#8222;Texte&#8220; > &#8222;Berufsberaterin&#8220; Ort: Beratungszimmer N-3-3 n\u00e4chster Termin:<\/p>\n","protected":false},"author":2,"featured_media":0,"parent":1170,"menu_order":2,"comment_status":"closed","ping_status":"closed","template":"","meta":{"footnotes":""},"class_list":["post-1179","page","type-page","status-publish","hentry"],"_links":{"self":[{"href":"https:\/\/www.gymnasium-uslar.de\/index.php?rest_route=\/wp\/v2\/pages\/1179","targetHints":{"allow":["GET"]}}],"collection":[{"href":"https:\/\/www.gymnasium-uslar.de\/index.php?rest_route=\/wp\/v2\/pages"}],"about":[{"href":"https:\/\/www.gymnasium-uslar.de\/index.php?rest_route=\/wp\/v2\/types\/page"}],"author":[{"embeddable":true,"href":"https:\/\/www.gymnasium-uslar.de\/index.php?rest_route=\/wp\/v2\/users\/2"}],"replies":[{"embeddable":true,"href":"https:\/\/www.gymnasium-uslar.de\/index.php?rest_route=%2Fwp%2Fv2%2Fcomments&post=1179"}],"version-history":[{"count":3,"href":"https:\/\/www.gymnasium-uslar.de\/index.php?rest_route=\/wp\/v2\/pages\/1179\/revisions"}],"predecessor-version":[{"id":5335,"href":"https:\/\/www.gymnasium-uslar.de\/index.php?rest_route=\/wp\/v2\/pages\/1179\/revisions\/5335"}],"up":[{"embeddable":true,"href":"https:\/\/www.gymnasium-uslar.de\/index.php?rest_route=\/wp\/v2\/pages\/1170"}],"wp:attachment":[{"href":"https:\/\/www.gymnasium-uslar.de\/index.php?rest_route=%2Fwp%2Fv2%2Fmedia&parent=1179"}],"curies":[{"name":"wp","href":"https:\/\/api.w.org\/{rel}","templated":true}]}}