{"id":1180,"date":"2015-11-21T19:56:18","date_gmt":"2015-11-21T19:56:18","guid":{"rendered":"http:\/\/school.jakobreiter.de\/?page_id=346"},"modified":"2025-06-08T11:44:17","modified_gmt":"2025-06-08T09:44:17","slug":"annapolis-senior-highschool","status":"publish","type":"page","link":"https:\/\/www.gymnasium-uslar.de\/?page_id=1180","title":{"rendered":"Annapolis Senior Highschool"},"content":{"rendered":"<div class=\"wp-block-image\">\n<figure class=\"alignleft\"><a href=\"http:\/\/www.gymnasium-uslar.de\/wp-content\/uploads\/2015\/11\/IMG_5517.jpg\"><img decoding=\"async\" src=\"http:\/\/www.gymnasium-uslar.de\/wp-content\/uploads\/2015\/11\/IMG_5517-300x123.jpg\" alt=\"IMG_5517\" class=\"wp-image-508\"\/><\/a><\/figure>\n<\/div>\n\n\n<p>Schon seit Mitte der achtziger Jahre pflegt das Gymnasium Uslar den Sch\u00fcleraustausch mit unserer amerikanischen Partnerschule in Annapolis, der Hauptstadt von Maryland. Der Austausch ist sowohl f\u00fcr unsere Sch\u00fclerinnen und Sch\u00fcler aus den Jahrg\u00e4ngen 10 und 11 als auch f\u00fcr die begleitenden Lehrkr\u00e4fte jedes Mal ein Highlight.&nbsp;Im Laufe der Zeit sind viele Kontakte und Freundschaften entstanden, so dass wir dort an der Schule schon fast wie Freunde begr\u00fc\u00dft werden.<\/p>\n\n\n<div class=\"wp-block-image\">\n<figure class=\"alignright\"><a href=\"http:\/\/www.gymnasium-uslar.de\/wp-content\/uploads\/2015\/11\/Annapolis_Schule1-300x241.jpg\"><img decoding=\"async\" src=\"http:\/\/www.gymnasium-uslar.de\/wp-content\/uploads\/2015\/11\/Annapolis_Schule1-300x241-300x241.jpg\" alt=\"Annapolis_Schule1-300x241\" class=\"wp-image-360\"\/><\/a><\/figure>\n<\/div>\n\n\n<p>Annapolis ist eine \u00fcberschaubare Stadt (ca. 40.000 Einwohner) in der Metropolregion Washington-Baltimore. Sie liegt idyllisch an der Chesapeake Bay und nennt sich selbst \u201eSailing Capital of America\u201c. Hier trifft Koloniales auf Modernes, hier leben viele Menschen, die in Washington arbeiten, hier lassen sich aber auch die Spuren der Anf\u00e4nge der USA und der Sklaverei an vielen Stellen finden. Au\u00dferdem ist hier die \u201eNaval Academy\u201c, die Elitehochschule der US Navy.<\/p>\n\n\n\n<p>Die High School umfasst die vier letzten Schuljahrg\u00e4nge, ist \u2013 wie in den USA \u00fcblich \u2013 eine gro\u00dfe Gesamtschule. Unsere Sch\u00fclerinnen und Sch\u00fcler sind in den Familien ihrer Partnersch\u00fcler untergebracht und nehmen an vielen Tagen am Unterricht teil. Au\u00dferdem unternehmen wir Ausfl\u00fcge in die Region: zwei Mal fahren wir nach Washington, ein Mal nach Baltimore. Weiterhin gibt es thematische Stadtf\u00fchrungen in Annapolis sowie einen Besuch im State House und der Naval Academy. Am Ende unseres Aufenthaltes fahren wir dann f\u00fcr 4 Tage nach New York bevor wir von dort aus wieder nach Deutschland fliegen.<\/p>\n\n\n\n<p>Der Austausch findet im zweij\u00e4hrigen Rhythmus statt. Teilnehmen k\u00f6nnen interessierte Sch\u00fclerinnen und Sch\u00fcler der Jahrg\u00e4nge 10 und 11.<\/p>\n\n\n\n<p><span style=\"color: #000080;\">Auskunft \u00fcber den Austausch mit Annapolis geben Fr. M\u00f6ller und Fr. Schwarz.<\/span><\/p>\n\n\n<div class=\"wp-block-image\">\n<figure class=\"alignleft\"><a href=\"\/wp-content\/uploads\/2015\/11\/IMG_0215.jpg\"><img decoding=\"async\" src=\"\/wp-content\/uploads\/2015\/11\/IMG_0215-1024x631.jpg\" alt=\"IMG_0215\" class=\"wp-image-2787\"\/><\/a><\/figure>\n<\/div>\n\n\n<p><\/p>\n\n\n\n<p>&nbsp;<\/p>\n\n\n\n<p>Austauschgruppe 2017 mit Frau M\u00f6ller und Herrn Kairat<\/p>\n\n\n\n<p>&nbsp;<\/p>\n","protected":false},"excerpt":{"rendered":"<p>Schon seit Mitte der achtziger Jahre pflegt das Gymnasium Uslar den Sch\u00fcleraustausch mit unserer amerikanischen Partnerschule in Annapolis, der Hauptstadt von Maryland. Der Austausch ist sowohl f\u00fcr unsere Sch\u00fclerinnen und Sch\u00fcler aus den Jahrg\u00e4ngen 10 und 11 als auch f\u00fcr die begleitenden Lehrkr\u00e4fte jedes Mal ein Highlight.&nbsp;Im Laufe der Zeit sind viele Kontakte und Freundschaften [&hellip;]<\/p>\n","protected":false},"author":2,"featured_media":0,"parent":79,"menu_order":1,"comment_status":"closed","ping_status":"closed","template":"","meta":{"footnotes":""},"class_list":["post-1180","page","type-page","status-publish","hentry"],"_links":{"self":[{"href":"https:\/\/www.gymnasium-uslar.de\/index.php?rest_route=\/wp\/v2\/pages\/1180","targetHints":{"allow":["GET"]}}],"collection":[{"href":"https:\/\/www.gymnasium-uslar.de\/index.php?rest_route=\/wp\/v2\/pages"}],"about":[{"href":"https:\/\/www.gymnasium-uslar.de\/index.php?rest_route=\/wp\/v2\/types\/page"}],"author":[{"embeddable":true,"href":"https:\/\/www.gymnasium-uslar.de\/index.php?rest_route=\/wp\/v2\/users\/2"}],"replies":[{"embeddable":true,"href":"https:\/\/www.gymnasium-uslar.de\/index.php?rest_route=%2Fwp%2Fv2%2Fcomments&post=1180"}],"version-history":[{"count":1,"href":"https:\/\/www.gymnasium-uslar.de\/index.php?rest_route=\/wp\/v2\/pages\/1180\/revisions"}],"predecessor-version":[{"id":5345,"href":"https:\/\/www.gymnasium-uslar.de\/index.php?rest_route=\/wp\/v2\/pages\/1180\/revisions\/5345"}],"up":[{"embeddable":true,"href":"https:\/\/www.gymnasium-uslar.de\/index.php?rest_route=\/wp\/v2\/pages\/79"}],"wp:attachment":[{"href":"https:\/\/www.gymnasium-uslar.de\/index.php?rest_route=%2Fwp%2Fv2%2Fmedia&parent=1180"}],"curies":[{"name":"wp","href":"https:\/\/api.w.org\/{rel}","templated":true}]}}