{"id":1181,"date":"2015-11-21T19:57:47","date_gmt":"2015-11-21T19:57:47","guid":{"rendered":"http:\/\/school.jakobreiter.de\/?page_id=348"},"modified":"2015-11-21T19:57:47","modified_gmt":"2015-11-21T19:57:47","slug":"gymnasiale-oberstufe-lohja","status":"publish","type":"page","link":"https:\/\/www.gymnasium-uslar.de\/?page_id=1181","title":{"rendered":"Gymnasiale Oberstufe Lohja"},"content":{"rendered":"<p>Alle zwei Jahre findet f\u00fcr die 10. Klassen ein Austausch mit den LOHJAN YHTEISLYSEON LUKIO (Oberstufengymnasium) in Finnland statt. Lohja ist eine mittelgro\u00dfe Stadt in S\u00fcdfinnland, ungef\u00e4hr 60 km von Helsinki entfernt. Bei unserem einw\u00f6chigen Besuch sind die etwa 20 Sch\u00fcler in Gastfamilien untergebracht und haben so die M\u00f6glichkeit, das Leben in einer finnischen Familie sowie das Schulleben zusammen mit ihren Gastgeschwistern kennzulernen.<\/p>\n<p><a href=\"http:\/\/www.gymnasium-uslar.de\/wp-content\/uploads\/2015\/11\/IMG_3417.jpg\"><img loading=\"lazy\" decoding=\"async\" class=\"size-medium wp-image-675 alignleft\" src=\"http:\/\/www.gymnasium-uslar.de\/wp-content\/uploads\/2015\/11\/IMG_3417-300x225.jpg\" alt=\"IMG_3417\" width=\"300\" height=\"225\" \/><\/a>Daneben bleibt aber immer Zeit f\u00fcr einen gemeinsamen Ausflug nach Helsinki mit seiner wundersch\u00f6nen Altstadt und in die ber\u00fchmte Schokoladenfabrik &#8222;Fazer&#8220;. Auch Lohja selbst bietet mit einer ber\u00fchmten mittelalterlichen Kirche\u00a0und vor allem der Lage am Lohjanj\u00e4rvi (Lohjasee) einen sch\u00f6nen Rahmen. Nat\u00fcrlich d\u00fcrfen der Besuch einer finnischen Sauna und ein gem\u00fctlicher Abend mit gemeinsamem Essen bei keinem Austausch fehlen.<\/p>\n<p>&nbsp;<\/p>\n<p><a href=\"http:\/\/www.gymnasium-uslar.de\/wp-content\/uploads\/2015\/11\/IMG_3395.jpg\"><img loading=\"lazy\" decoding=\"async\" class=\"alignleft wp-image-643 size-medium\" src=\"http:\/\/www.gymnasium-uslar.de\/wp-content\/uploads\/2015\/11\/IMG_3395-300x225.jpg\" alt=\"IMG_3395\" width=\"300\" height=\"225\" \/><\/a>Selbstverst\u00e4ndlich gibt es auch einen Gegenbesuch der finnischen Sch\u00fcler\/innen, bei dem sie an unserem Schul- und Familienleben teilhaben. Das Rahmenprogramm f\u00fcr diese Woche planen wir gemeinsam mit der jeweiligen Sch\u00fclergruppe. Neben einem Tagesausflug (z.B. nach Wolfsburg) stehen oft eine Brauereif\u00fchrung und der Besuch im Hochseilgarten auf dem Plan. Mit einem kleinen Abschlussfest verabschieden wir uns dann nach einer immer viel zu kurzen Woche von unseren finnischen Besuchern.<\/p>\n<blockquote><p><span style=\"color: #000080;\">Auskunft \u00fcber den Austausch mit Lohja geben Fr. Fenz und Hr. Bergmann.<\/span><\/p><\/blockquote>\n<p>&nbsp;<\/p>\n<p><a href=\"\/wp-content\/uploads\/2016\/05\/IMG_1638.jpg\"><img loading=\"lazy\" decoding=\"async\" class=\"alignleft wp-image-2010 size-large\" src=\"\/wp-content\/uploads\/2016\/05\/IMG_1638-1024x542.jpg\" alt=\"IMG_1638\" width=\"768\" height=\"406\" \/><\/a><\/p>\n<p>&nbsp;<\/p>\n<p>Die finnischen G\u00e4ste und ihre deutschen Gastgeber bei der Austauschreise im April 2016 in Uslar.<\/p>\n<p>&nbsp;<\/p>\n<p>&nbsp;<\/p>\n<p>&nbsp;<\/p>\n","protected":false},"excerpt":{"rendered":"<p>Alle zwei Jahre findet f\u00fcr die 10. Klassen ein Austausch mit den LOHJAN YHTEISLYSEON LUKIO (Oberstufengymnasium) in Finnland statt. Lohja ist eine mittelgro\u00dfe Stadt in S\u00fcdfinnland, ungef\u00e4hr 60 km von Helsinki entfernt. Bei unserem einw\u00f6chigen Besuch sind die etwa 20 Sch\u00fcler in Gastfamilien untergebracht und haben so die M\u00f6glichkeit, das Leben in einer finnischen Familie [&hellip;]<\/p>\n","protected":false},"author":2,"featured_media":0,"parent":79,"menu_order":2,"comment_status":"closed","ping_status":"closed","template":"","meta":{"footnotes":""},"class_list":["post-1181","page","type-page","status-publish","hentry"],"_links":{"self":[{"href":"https:\/\/www.gymnasium-uslar.de\/index.php?rest_route=\/wp\/v2\/pages\/1181","targetHints":{"allow":["GET"]}}],"collection":[{"href":"https:\/\/www.gymnasium-uslar.de\/index.php?rest_route=\/wp\/v2\/pages"}],"about":[{"href":"https:\/\/www.gymnasium-uslar.de\/index.php?rest_route=\/wp\/v2\/types\/page"}],"author":[{"embeddable":true,"href":"https:\/\/www.gymnasium-uslar.de\/index.php?rest_route=\/wp\/v2\/users\/2"}],"replies":[{"embeddable":true,"href":"https:\/\/www.gymnasium-uslar.de\/index.php?rest_route=%2Fwp%2Fv2%2Fcomments&post=1181"}],"version-history":[{"count":0,"href":"https:\/\/www.gymnasium-uslar.de\/index.php?rest_route=\/wp\/v2\/pages\/1181\/revisions"}],"up":[{"embeddable":true,"href":"https:\/\/www.gymnasium-uslar.de\/index.php?rest_route=\/wp\/v2\/pages\/79"}],"wp:attachment":[{"href":"https:\/\/www.gymnasium-uslar.de\/index.php?rest_route=%2Fwp%2Fv2%2Fmedia&parent=1181"}],"curies":[{"name":"wp","href":"https:\/\/api.w.org\/{rel}","templated":true}]}}