{"id":1183,"date":"2015-11-23T09:42:39","date_gmt":"2015-11-23T09:42:39","guid":{"rendered":"http:\/\/school.jakobreiter.de\/?page_id=380"},"modified":"2015-11-23T09:42:39","modified_gmt":"2015-11-23T09:42:39","slug":"englisch","status":"publish","type":"page","link":"https:\/\/www.gymnasium-uslar.de\/?page_id=1183","title":{"rendered":"Englisch"},"content":{"rendered":"<p style=\"text-align: justify;\">Als Verkehrssprache unserer globalisierten Welt f\u00e4llt Englisch die Schl\u00fcsselrolle bei der Entwicklung von Fremdverstehen, Empathie und der friedlichen Verst\u00e4ndigung von Menschen zu. Englisch ist f\u00fcr viele Millionen (ca.300 Millionen) Menschen Muttersprache, Nationalsprache, Zweitsprache oder Amtssprache sowie die wesentliche Kommunikationssprache der modernen Wissenschaft und Technik, der internationalen Wirtschaft und Politik. Das Zusammenwachsen Europas und die Zuwanderung von Menschen aus anderen Sprach- und Kulturkreisen erfordern heute umfassende Englischkenntnisse als Verst\u00e4ndigungsgrundlage.<\/p>\n<p style=\"text-align: justify;\">Als bedeutende Kultursprache erm\u00f6glicht Englisch den Zugang zu Literatur, Kunst, Musik, Geschichte und Philosophie anglophoner L\u00e4nder und tr\u00e4gt auf vielf\u00e4ltige Weise zur Entfaltung der Pers\u00f6nlichkeit bei. Weltoffenheit und Mobilit\u00e4t werden nicht nur von politischen, kulturellen oder wirtschaftlichen F\u00fchrungskr\u00e4ften gefordert, sondern ein souver\u00e4ner Umgang mit der englischen Sprache ist zunehmend auch Voraussetzung f\u00fcr . Damit die Sch\u00fclerinnen und Sch\u00fcler im internationalen Kontext bestehen und aktiv die Zukunft mitgestalten k\u00f6nnen, hat der moderne Englischunterricht die Aufgabe, sie auf die sprachlichen Herausforderungen in Studium, Beruf und Gesellschaft vorzubereiten.<\/p>\n<p style=\"text-align: justify;\">Dar\u00fcber hinaus pr\u00e4gt Englisch in vielfacher Hinsicht (Sport, Mode, Musik, Medien, Technologie) die Alltagswelt und -sprache von Jugendlichen und beeinflusst stark ihre Haltungen und Einstellungen. Es ist daher selbstverst\u00e4ndlich, dass diese nat\u00fcrliche Sprachgegenwart im Unterricht bewusst gemacht und kritisch reflektiert wird.<\/p>\n<p>( vgl. Kerncurriculum Englisch)<\/p>\n<p>&nbsp;<\/p>\n","protected":false},"excerpt":{"rendered":"<p>Als Verkehrssprache unserer globalisierten Welt f\u00e4llt Englisch die Schl\u00fcsselrolle bei der Entwicklung von Fremdverstehen, Empathie und der friedlichen Verst\u00e4ndigung von Menschen zu. Englisch ist f\u00fcr viele Millionen (ca.300 Millionen) Menschen Muttersprache, Nationalsprache, Zweitsprache oder Amtssprache sowie die wesentliche Kommunikationssprache der modernen Wissenschaft und Technik, der internationalen Wirtschaft und Politik. Das Zusammenwachsen Europas und die Zuwanderung [&hellip;]<\/p>\n","protected":false},"author":2,"featured_media":0,"parent":1177,"menu_order":2,"comment_status":"closed","ping_status":"closed","template":"","meta":{"footnotes":""},"class_list":["post-1183","page","type-page","status-publish","hentry"],"_links":{"self":[{"href":"https:\/\/www.gymnasium-uslar.de\/index.php?rest_route=\/wp\/v2\/pages\/1183","targetHints":{"allow":["GET"]}}],"collection":[{"href":"https:\/\/www.gymnasium-uslar.de\/index.php?rest_route=\/wp\/v2\/pages"}],"about":[{"href":"https:\/\/www.gymnasium-uslar.de\/index.php?rest_route=\/wp\/v2\/types\/page"}],"author":[{"embeddable":true,"href":"https:\/\/www.gymnasium-uslar.de\/index.php?rest_route=\/wp\/v2\/users\/2"}],"replies":[{"embeddable":true,"href":"https:\/\/www.gymnasium-uslar.de\/index.php?rest_route=%2Fwp%2Fv2%2Fcomments&post=1183"}],"version-history":[{"count":0,"href":"https:\/\/www.gymnasium-uslar.de\/index.php?rest_route=\/wp\/v2\/pages\/1183\/revisions"}],"up":[{"embeddable":true,"href":"https:\/\/www.gymnasium-uslar.de\/index.php?rest_route=\/wp\/v2\/pages\/1177"}],"wp:attachment":[{"href":"https:\/\/www.gymnasium-uslar.de\/index.php?rest_route=%2Fwp%2Fv2%2Fmedia&parent=1183"}],"curies":[{"name":"wp","href":"https:\/\/api.w.org\/{rel}","templated":true}]}}