{"id":119,"date":"2015-11-09T21:30:52","date_gmt":"2015-11-09T21:30:52","guid":{"rendered":"http:\/\/school.jakobreiter.de\/?page_id=119"},"modified":"2025-06-08T11:50:04","modified_gmt":"2025-06-08T09:50:04","slug":"wahlplichtunterricht","status":"publish","type":"page","link":"https:\/\/www.gymnasium-uslar.de\/?page_id=119","title":{"rendered":"Wahlpflichtunterricht"},"content":{"rendered":"\n<p>Um den unterschiedlichen Begabungen und Interessen der Sch\u00fcler gerecht zu werden, erteilen wir im neuen 13-j\u00e4hrigen Bildungsgang in den Jahrg\u00e4ngen 8, 9 und 10 Wahlpflichtunterricht (&#8222;Stundentafel 2&#8220;). Dieser Wahlpflichtunterricht findet klassen\u00fcbergreifend in Kursen statt&nbsp;und hat den Status eines \u201enormalen\u201c Faches,&nbsp;so dass sich jeder Sch\u00fcler&nbsp;einw\u00e4hlen muss.&nbsp;Wie in den anderen F\u00e4chern&nbsp;gibt es&nbsp;auch Noten, die&nbsp;versetzungsrelevant sind.&nbsp;Im Jahrgang 8 umfasst der WPU&nbsp;drei Stunden (1 Kurs),&nbsp;in den Jahrg\u00e4ngen 9 und 10&nbsp;vier Stunden (jeweils 2 Kurse).<\/p>\n\n\n\n<p>Angeboten werden Kurse aus den musisch-k\u00fcnstlerischen, den gesellschaftswissenschaftlichen und den naturwissenschaftlichen Fachbereichen. Diese Kurse bieten sehr interessante Inhalte, die eine sinnvolle und herausfordernde Erg\u00e4nzung zum normalen F\u00e4cherkanon sind.&nbsp;Sie geben unseren&nbsp;Sch\u00fclern die M\u00f6glichkeit,&nbsp;im Sinne einer Profilbildung&nbsp;bestimmte Fachgebiete, Interessen und Begabungen zu vertiefen.<\/p>\n\n\n\n<div style=\"height:25px\" aria-hidden=\"true\" class=\"wp-block-spacer\"><\/div>\n\n\n\n<p>&nbsp;Regelm\u00e4\u00dfig ein wichtiges Thema im <strong>Wahlpflichtunterricht Biologie<\/strong>: \u00c4pfel, Apfelsaft und Streuobstwiese &#8211; dargestellt mit Figuren eines bekannten Spielwarenherstellers in &#8222;Johannes Heils Biobox&#8220;.<\/p>\n\n\n\n<figure class=\"wp-block-image\"><a href=\"http:\/\/www.gymnasium-uslar.de\/wp-content\/uploads\/2015\/11\/IMG_5416.jpg\"><img decoding=\"async\" src=\"http:\/\/www.gymnasium-uslar.de\/wp-content\/uploads\/2015\/11\/IMG_5416-1024x683.jpg\" alt=\"IMG_5416\" class=\"wp-image-388\"\/><\/a><\/figure>\n\n\n\n<p><\/p>\n","protected":false},"excerpt":{"rendered":"<p>Um den unterschiedlichen Begabungen und Interessen der Sch\u00fcler gerecht zu werden, erteilen wir im neuen 13-j\u00e4hrigen Bildungsgang in den Jahrg\u00e4ngen 8, 9 und 10 Wahlpflichtunterricht (&#8222;Stundentafel 2&#8220;). Dieser Wahlpflichtunterricht findet klassen\u00fcbergreifend in Kursen statt&nbsp;und hat den Status eines \u201enormalen\u201c Faches,&nbsp;so dass sich jeder Sch\u00fcler&nbsp;einw\u00e4hlen muss.&nbsp;Wie in den anderen F\u00e4chern&nbsp;gibt es&nbsp;auch Noten, die&nbsp;versetzungsrelevant sind.&nbsp;Im Jahrgang 8 [&hellip;]<\/p>\n","protected":false},"author":2,"featured_media":0,"parent":77,"menu_order":1,"comment_status":"closed","ping_status":"closed","template":"","meta":{"footnotes":""},"class_list":["post-119","page","type-page","status-publish","hentry"],"_links":{"self":[{"href":"https:\/\/www.gymnasium-uslar.de\/index.php?rest_route=\/wp\/v2\/pages\/119","targetHints":{"allow":["GET"]}}],"collection":[{"href":"https:\/\/www.gymnasium-uslar.de\/index.php?rest_route=\/wp\/v2\/pages"}],"about":[{"href":"https:\/\/www.gymnasium-uslar.de\/index.php?rest_route=\/wp\/v2\/types\/page"}],"author":[{"embeddable":true,"href":"https:\/\/www.gymnasium-uslar.de\/index.php?rest_route=\/wp\/v2\/users\/2"}],"replies":[{"embeddable":true,"href":"https:\/\/www.gymnasium-uslar.de\/index.php?rest_route=%2Fwp%2Fv2%2Fcomments&post=119"}],"version-history":[{"count":2,"href":"https:\/\/www.gymnasium-uslar.de\/index.php?rest_route=\/wp\/v2\/pages\/119\/revisions"}],"predecessor-version":[{"id":5349,"href":"https:\/\/www.gymnasium-uslar.de\/index.php?rest_route=\/wp\/v2\/pages\/119\/revisions\/5349"}],"up":[{"embeddable":true,"href":"https:\/\/www.gymnasium-uslar.de\/index.php?rest_route=\/wp\/v2\/pages\/77"}],"wp:attachment":[{"href":"https:\/\/www.gymnasium-uslar.de\/index.php?rest_route=%2Fwp%2Fv2%2Fmedia&parent=119"}],"curies":[{"name":"wp","href":"https:\/\/api.w.org\/{rel}","templated":true}]}}