{"id":1190,"date":"2015-11-30T16:41:15","date_gmt":"2015-11-30T16:41:15","guid":{"rendered":"http:\/\/school.jakobreiter.de\/?page_id=672"},"modified":"2015-11-30T16:41:15","modified_gmt":"2015-11-30T16:41:15","slug":"bus-scouts","status":"publish","type":"page","link":"https:\/\/www.gymnasium-uslar.de\/?page_id=1190","title":{"rendered":"Bus-Scouts"},"content":{"rendered":"<p style=\"text-align: justify;\">Seit Beginn des in Niedersachsen gr\u00f6\u00dften Zivilcourage-Projektes \u201cBus-Scout\u201d im Jahr 2007 nehmen jedes Jahr auch Sch\u00fclerinnen und Sch\u00fcler\u00a0aus dem 8. Jahrgang unserer Schule daran teil. Inzwischen haben sich \u00fcber 60 Sch\u00fclerinnen und Sch\u00fcler unseres Gymnasiums in theoretischen und praktischen Ausbildungseinheiten dazu anleiten lassen, in Konfliktsituationen couragiert eingreifen zu k\u00f6nnen, ohne sich selbst in Gefahr zu bringen. Sie helfen sowohl an ihren Bushaltestellen, als auch in ihren jeweiligen Buslinien mit, den t\u00e4glichen Schulweg mit dem Bus f\u00fcr alle stressfreier zu machen.<\/p>\n<p style=\"text-align: justify;\">Ziel der Ausbildung ist es, den Acht- und Neuntkl\u00e4sslern Verhaltensm\u00f6glichkeiten an die Hand zu geben, die sie bef\u00e4higen, in Konfliktsituationen an den Bushaltestellen und im Schulbus eingreifen zu k\u00f6nnen. Anhand von Rollenspielen werden die Sch\u00fclerInnen an insgesamt 6 Trainingstagen ausgebildet und auf ihre ehrenamtliche T\u00e4tigkeit in den Bussen, die sie selber t\u00e4glich f\u00fcr ihren Schulweg nutzen, bestens vorbereitet. Die Ausbilder Torsten Uhlendorff und Florian Reschke schulen die Teams dabei in unterschiedlichen Konfliktsituationen, wie sie jeden Tag im Bus vorkommen k\u00f6nnen: wenn ein Sch\u00fcler von anderen am Aussteigen gehindert wird, bei Sachbesch\u00e4digungen, bei Rangeleien etc.<\/p>\n<p style=\"text-align: justify;\">Au\u00dferdem sammeln die angehenden Bus-Scouts Erfahrungen mit der Technik des Busses wie z.B. der T\u00fcr-Sperre und erleben, wie vom Fahrersitz aus die Situation im Bus wahrgenommen wird. Die Scouts lernen Situationen einzusch\u00e4tzen, bei Bedarf zu handeln und gegebenenfalls den Busfahrer einzubeziehen.<\/p>\n<p style=\"text-align: justify;\">Die Ausbildung erfolgt, ebenso wie das ehrenamtliche Engagement auf den Schulwegen und im Schulbusverkehr, in guter Kooperation mit Sch\u00fclerinnen und Sch\u00fclern\u00a0der Albert-Schweitzer-Schule und der Sollingschule. Am Ende von Jahrgang 10 bekommen dann alle ein Zertifikat ausgeh\u00e4ndigt.<\/p>\n","protected":false},"excerpt":{"rendered":"<p>Seit Beginn des in Niedersachsen gr\u00f6\u00dften Zivilcourage-Projektes \u201cBus-Scout\u201d im Jahr 2007 nehmen jedes Jahr auch Sch\u00fclerinnen und Sch\u00fcler\u00a0aus dem 8. Jahrgang unserer Schule daran teil. Inzwischen haben sich \u00fcber 60 Sch\u00fclerinnen und Sch\u00fcler unseres Gymnasiums in theoretischen und praktischen Ausbildungseinheiten dazu anleiten lassen, in Konfliktsituationen couragiert eingreifen zu k\u00f6nnen, ohne sich selbst in Gefahr zu [&hellip;]<\/p>\n","protected":false},"author":2,"featured_media":0,"parent":1192,"menu_order":1,"comment_status":"closed","ping_status":"closed","template":"","meta":{"footnotes":""},"class_list":["post-1190","page","type-page","status-publish","hentry"],"_links":{"self":[{"href":"https:\/\/www.gymnasium-uslar.de\/index.php?rest_route=\/wp\/v2\/pages\/1190","targetHints":{"allow":["GET"]}}],"collection":[{"href":"https:\/\/www.gymnasium-uslar.de\/index.php?rest_route=\/wp\/v2\/pages"}],"about":[{"href":"https:\/\/www.gymnasium-uslar.de\/index.php?rest_route=\/wp\/v2\/types\/page"}],"author":[{"embeddable":true,"href":"https:\/\/www.gymnasium-uslar.de\/index.php?rest_route=\/wp\/v2\/users\/2"}],"replies":[{"embeddable":true,"href":"https:\/\/www.gymnasium-uslar.de\/index.php?rest_route=%2Fwp%2Fv2%2Fcomments&post=1190"}],"version-history":[{"count":0,"href":"https:\/\/www.gymnasium-uslar.de\/index.php?rest_route=\/wp\/v2\/pages\/1190\/revisions"}],"up":[{"embeddable":true,"href":"https:\/\/www.gymnasium-uslar.de\/index.php?rest_route=\/wp\/v2\/pages\/1192"}],"wp:attachment":[{"href":"https:\/\/www.gymnasium-uslar.de\/index.php?rest_route=%2Fwp%2Fv2%2Fmedia&parent=1190"}],"curies":[{"name":"wp","href":"https:\/\/api.w.org\/{rel}","templated":true}]}}