{"id":1194,"date":"2015-12-04T17:57:34","date_gmt":"2015-12-04T17:57:34","guid":{"rendered":"http:\/\/school.jakobreiter.de\/?page_id=759"},"modified":"2026-04-14T12:47:20","modified_gmt":"2026-04-14T10:47:20","slug":"service","status":"publish","type":"page","link":"https:\/\/www.gymnasium-uslar.de\/?page_id=1194","title":{"rendered":"Anmeldungen Klasse 5"},"content":{"rendered":"\n<h4 class=\"wp-block-heading\">Wie k\u00f6nnen Sie Ihr Kind am Gymnasium Uslar anmelden?<\/h4>\n\n\n\n<p><strong>Variante 1<\/strong><\/p>\n\n\n\n<p>Sie k\u00f6nnen zu unseren Anmeldeterminen pers\u00f6nlich bei uns im Sekretariat &nbsp;vorbeikommen:<\/p>\n\n\n\n<p>27. April 2026 von 07.00 &#8211; 15.00  \/  28. und 29. April 07.00 &#8211; 17.00 <\/p>\n\n\n\n<div style=\"height:58px\" aria-hidden=\"true\" class=\"wp-block-spacer\"><\/div>\n\n\n\n<p>Nat\u00fcrlich sind Anmeldungen aber auch nach diesen Terminen noch m\u00f6glich.<\/p>\n\n\n\n<p>Falls Sie noch Fragen haben, hilft Ihnen unser Sekretariat (05571 \u2013 912662) gern.<\/p>\n\n\n\n<div class=\"wp-block-columns is-layout-flex wp-container-core-columns-is-layout-9d6595d7 wp-block-columns-is-layout-flex\">\n<div class=\"wp-block-column is-layout-flow wp-block-column-is-layout-flow\">\n<p><strong>Variante 2<\/strong><\/p>\n\n\n\n<p>Sobald Sie sich f\u00fcr unsere Schule entschieden haben, k\u00f6nnen Sie die Anmeldeunterlagen herunterladen, ausf\u00fcllen und an uns zur\u00fcckschicken.<\/p>\n\n\n\n<div data-wp-interactive=\"core\/file\" class=\"wp-block-file\"><object data-wp-bind--hidden=\"!state.hasPdfPreview\" hidden class=\"wp-block-file__embed\" data=\"https:\/\/www.gymnasium-uslar.de\/wp-content\/uploads\/2026\/01\/Anmeldung-Schuljahr-2026_2027.pdf\" type=\"application\/pdf\" style=\"width:100%;height:600px\" aria-label=\"Einbettung von Anmeldung Schuljahr 2026_2027.\"><\/object><a id=\"wp-block-file--media-5a17de45-9c42-4e68-9f06-2dd168035138\" href=\"https:\/\/www.gymnasium-uslar.de\/wp-content\/uploads\/2026\/01\/Anmeldung-Schuljahr-2026_2027.pdf\">Anmeldung Schuljahr 2026_2027<\/a><a href=\"https:\/\/www.gymnasium-uslar.de\/wp-content\/uploads\/2026\/01\/Anmeldung-Schuljahr-2026_2027.pdf\" class=\"wp-block-file__button wp-element-button\" download aria-describedby=\"wp-block-file--media-5a17de45-9c42-4e68-9f06-2dd168035138\">Herunterladen<\/a><\/div>\n<\/div>\n<\/div>\n\n\n\n<div data-wp-interactive=\"core\/file\" class=\"wp-block-file\"><object data-wp-bind--hidden=\"!state.hasPdfPreview\" hidden class=\"wp-block-file__embed\" data=\"https:\/\/www.gymnasium-uslar.de\/wp-content\/uploads\/2024\/02\/Fahrkartenantrag-LK-Goettingen.pdf\" type=\"application\/pdf\" style=\"width:100%;height:600px\" aria-label=\"Einbettung von Fahrkartenantrag-LK-Goettingen.\"><\/object><a id=\"wp-block-file--media-dc4bfe27-1fe0-418a-b288-8fc916d9f2e7\" href=\"https:\/\/www.gymnasium-uslar.de\/wp-content\/uploads\/2024\/02\/Fahrkartenantrag-LK-Goettingen.pdf\">Fahrkartenantrag-LK-Goettingen<\/a><a href=\"https:\/\/www.gymnasium-uslar.de\/wp-content\/uploads\/2024\/02\/Fahrkartenantrag-LK-Goettingen.pdf\" class=\"wp-block-file__button wp-element-button\" download aria-describedby=\"wp-block-file--media-dc4bfe27-1fe0-418a-b288-8fc916d9f2e7\">Herunterladen<\/a><\/div>\n\n\n\n<div data-wp-interactive=\"core\/file\" class=\"wp-block-file\"><object data-wp-bind--hidden=\"!state.hasPdfPreview\" hidden class=\"wp-block-file__embed\" data=\"https:\/\/www.gymnasium-uslar.de\/wp-content\/uploads\/2025\/05\/2025_Anmeldung-Befoerderung-Northeim.pdf\" type=\"application\/pdf\" style=\"width:100%;height:600px\" aria-label=\"Einbettung von 2025_Anmeldung Bef\u00f6rderung Northeim.\"><\/object><a id=\"wp-block-file--media-a034f6f1-e901-436b-b0b2-d1e523ef5e98\" href=\"https:\/\/www.gymnasium-uslar.de\/wp-content\/uploads\/2025\/05\/2025_Anmeldung-Befoerderung-Northeim.pdf\">2025_Anmeldung Bef\u00f6rderung Northeim<\/a><a href=\"https:\/\/www.gymnasium-uslar.de\/wp-content\/uploads\/2025\/05\/2025_Anmeldung-Befoerderung-Northeim.pdf\" class=\"wp-block-file__button wp-element-button\" download aria-describedby=\"wp-block-file--media-a034f6f1-e901-436b-b0b2-d1e523ef5e98\">Herunterladen<\/a><\/div>\n\n\n\n<div data-wp-interactive=\"core\/file\" class=\"wp-block-file\"><object data-wp-bind--hidden=\"!state.hasPdfPreview\" hidden class=\"wp-block-file__embed\" data=\"https:\/\/www.gymnasium-uslar.de\/wp-content\/uploads\/2024\/02\/Fahrkartenantrag-LK-Kassel.pdf\" type=\"application\/pdf\" style=\"width:100%;height:600px\" aria-label=\"Einbettung von Fahrkartenantrag-LK-Kassel.\"><\/object><a id=\"wp-block-file--media-5fc1997c-9692-470d-9061-e0db724ab653\" href=\"https:\/\/www.gymnasium-uslar.de\/wp-content\/uploads\/2024\/02\/Fahrkartenantrag-LK-Kassel.pdf\">Fahrkartenantrag-LK-Kassel<\/a><a href=\"https:\/\/www.gymnasium-uslar.de\/wp-content\/uploads\/2024\/02\/Fahrkartenantrag-LK-Kassel.pdf\" class=\"wp-block-file__button wp-element-button\" download aria-describedby=\"wp-block-file--media-5fc1997c-9692-470d-9061-e0db724ab653\">Herunterladen<\/a><\/div>\n","protected":false},"excerpt":{"rendered":"<p>Wie k\u00f6nnen Sie Ihr Kind am Gymnasium Uslar anmelden? Variante 1 Sie k\u00f6nnen zu unseren Anmeldeterminen pers\u00f6nlich bei uns im Sekretariat &nbsp;vorbeikommen: 27. April 2026 von 07.00 &#8211; 15.00 \/ 28. und 29. April 07.00 &#8211; 17.00 Nat\u00fcrlich sind Anmeldungen aber auch nach diesen Terminen noch m\u00f6glich. Falls Sie noch Fragen haben, hilft Ihnen unser [&hellip;]<\/p>\n","protected":false},"author":2,"featured_media":0,"parent":1166,"menu_order":1,"comment_status":"closed","ping_status":"closed","template":"","meta":{"footnotes":""},"class_list":["post-1194","page","type-page","status-publish","hentry"],"_links":{"self":[{"href":"https:\/\/www.gymnasium-uslar.de\/index.php?rest_route=\/wp\/v2\/pages\/1194","targetHints":{"allow":["GET"]}}],"collection":[{"href":"https:\/\/www.gymnasium-uslar.de\/index.php?rest_route=\/wp\/v2\/pages"}],"about":[{"href":"https:\/\/www.gymnasium-uslar.de\/index.php?rest_route=\/wp\/v2\/types\/page"}],"author":[{"embeddable":true,"href":"https:\/\/www.gymnasium-uslar.de\/index.php?rest_route=\/wp\/v2\/users\/2"}],"replies":[{"embeddable":true,"href":"https:\/\/www.gymnasium-uslar.de\/index.php?rest_route=%2Fwp%2Fv2%2Fcomments&post=1194"}],"version-history":[{"count":16,"href":"https:\/\/www.gymnasium-uslar.de\/index.php?rest_route=\/wp\/v2\/pages\/1194\/revisions"}],"predecessor-version":[{"id":5498,"href":"https:\/\/www.gymnasium-uslar.de\/index.php?rest_route=\/wp\/v2\/pages\/1194\/revisions\/5498"}],"up":[{"embeddable":true,"href":"https:\/\/www.gymnasium-uslar.de\/index.php?rest_route=\/wp\/v2\/pages\/1166"}],"wp:attachment":[{"href":"https:\/\/www.gymnasium-uslar.de\/index.php?rest_route=%2Fwp%2Fv2%2Fmedia&parent=1194"}],"curies":[{"name":"wp","href":"https:\/\/api.w.org\/{rel}","templated":true}]}}