{"id":1384,"date":"2016-01-14T12:11:43","date_gmt":"2016-01-14T12:11:43","guid":{"rendered":"\/?page_id=1384"},"modified":"2025-06-08T11:53:36","modified_gmt":"2025-06-08T09:53:36","slug":"mensa","status":"publish","type":"page","link":"https:\/\/www.gymnasium-uslar.de\/?page_id=1384","title":{"rendered":"Mensa"},"content":{"rendered":"\n<div style=\"height:50px\" aria-hidden=\"true\" class=\"wp-block-spacer\"><\/div>\n\n\n\n<div class=\"wp-block-columns is-layout-flex wp-container-core-columns-is-layout-9d6595d7 wp-block-columns-is-layout-flex\">\n<div class=\"wp-block-column is-layout-flow wp-block-column-is-layout-flow\">\n<p>Die Mensa ist der zentrale Begegnungs- und Aufenthaltsort des Gymnasiums. Hier treffen sich Sch\u00fcler und Lehrer in den beiden gro\u00dfen Pausen und in der Mittagspause zum Essen und Unterhalten. Besonders f\u00fcr die Sch\u00fcler der Oberstufe, die in ihrem Stundenplan h\u00e4ufiger Freistunden haben, ist die Mensa ein beliebter Arbeitsplatz. &nbsp;Der helle freundliche Raum bietet bei voller Bestuhlung ca. 150 Sitzpl\u00e4tze, von denen im normalen Schulbetrieb aber nur etwa die H\u00e4lfte aufgestellt ist.<\/p>\n<\/div>\n\n\n\n<div class=\"wp-block-column is-layout-flow wp-block-column-is-layout-flow\">\n<p>Aufgeteilt in zwei Organisationsebenen, bietet die Mensa ein reichhaltiges und attraktives Speisenangebot. In der ersten und zweiten gro\u00dfen Pause werden dienstags und donnerstags vom Cafeteria-Team Snacks wie belegte Br\u00f6tchen, Brezeln, Wraps, Joghurt oder Obst zubereitet und angeboten. In der Mittagspause k\u00f6nnen die Sch\u00fcler und Sch\u00fclerinnen an 4 Tagen zwischen zwei warmen Hauptgerichten (eins davon vegetarisch) und einer kleinen warmen Speise ausw\u00e4hlen, bei Preisen von 2 bis 4,50 \u20ac. Den ganzen Schultag lang steht am Wasserspender gek\u00fchltes Wasser (gesprudelt oder natur) kostenfrei zur Verf\u00fcgung.<\/p>\n\n\n\n<div class=\"wp-block-columns is-layout-flex wp-container-core-columns-is-layout-9d6595d7 wp-block-columns-is-layout-flex\">\n<div class=\"wp-block-column is-layout-flow wp-block-column-is-layout-flow\"><\/div>\n<\/div>\n<\/div>\n<\/div>\n\n\n\n<div class=\"wp-block-columns is-layout-flex wp-container-core-columns-is-layout-9d6595d7 wp-block-columns-is-layout-flex\">\n<div class=\"wp-block-column is-layout-flow wp-block-column-is-layout-flow\"><\/div>\n<\/div>\n\n\n\n<h2 class=\"wp-block-heading\"><\/h2>\n","protected":false},"excerpt":{"rendered":"<p>Die Mensa ist der zentrale Begegnungs- und Aufenthaltsort des Gymnasiums. Hier treffen sich Sch\u00fcler und Lehrer in den beiden gro\u00dfen Pausen und in der Mittagspause zum Essen und Unterhalten. Besonders f\u00fcr die Sch\u00fcler der Oberstufe, die in ihrem Stundenplan h\u00e4ufiger Freistunden haben, ist die Mensa ein beliebter Arbeitsplatz. &nbsp;Der helle freundliche Raum bietet bei voller [&hellip;]<\/p>\n","protected":false},"author":2,"featured_media":0,"parent":1166,"menu_order":7,"comment_status":"closed","ping_status":"closed","template":"","meta":{"footnotes":""},"class_list":["post-1384","page","type-page","status-publish","hentry"],"_links":{"self":[{"href":"https:\/\/www.gymnasium-uslar.de\/index.php?rest_route=\/wp\/v2\/pages\/1384","targetHints":{"allow":["GET"]}}],"collection":[{"href":"https:\/\/www.gymnasium-uslar.de\/index.php?rest_route=\/wp\/v2\/pages"}],"about":[{"href":"https:\/\/www.gymnasium-uslar.de\/index.php?rest_route=\/wp\/v2\/types\/page"}],"author":[{"embeddable":true,"href":"https:\/\/www.gymnasium-uslar.de\/index.php?rest_route=\/wp\/v2\/users\/2"}],"replies":[{"embeddable":true,"href":"https:\/\/www.gymnasium-uslar.de\/index.php?rest_route=%2Fwp%2Fv2%2Fcomments&post=1384"}],"version-history":[{"count":10,"href":"https:\/\/www.gymnasium-uslar.de\/index.php?rest_route=\/wp\/v2\/pages\/1384\/revisions"}],"predecessor-version":[{"id":5352,"href":"https:\/\/www.gymnasium-uslar.de\/index.php?rest_route=\/wp\/v2\/pages\/1384\/revisions\/5352"}],"up":[{"embeddable":true,"href":"https:\/\/www.gymnasium-uslar.de\/index.php?rest_route=\/wp\/v2\/pages\/1166"}],"wp:attachment":[{"href":"https:\/\/www.gymnasium-uslar.de\/index.php?rest_route=%2Fwp%2Fv2%2Fmedia&parent=1384"}],"curies":[{"name":"wp","href":"https:\/\/api.w.org\/{rel}","templated":true}]}}