{"id":1528,"date":"2016-01-30T13:48:29","date_gmt":"2016-01-30T13:48:29","guid":{"rendered":"\/?page_id=1528"},"modified":"2025-03-31T10:26:10","modified_gmt":"2025-03-31T08:26:10","slug":"foerderverein-mensa","status":"publish","type":"page","link":"https:\/\/www.gymnasium-uslar.de\/?page_id=1528","title":{"rendered":"F\u00f6rderverein des Gymnasiums Uslar e.V."},"content":{"rendered":"<div class=\"wp-block-image\">\n<figure class=\"alignleft\"><a href=\"\/wp-content\/uploads\/2017\/02\/FVGU-Logo.jpg\"><img decoding=\"async\" src=\"\/wp-content\/uploads\/2017\/02\/FVGU-Logo-300x225.jpg\" alt=\"FVGU Logo\" class=\"wp-image-2534\"\/><\/a><\/figure>\n<\/div>\n\n\n<p><\/p>\n\n\n\n<p><strong>&nbsp;<\/strong><\/p>\n\n\n\n<p>&nbsp;<\/p>\n\n\n\n<p>&nbsp;<\/p>\n\n\n\n<p>&nbsp;<\/p>\n\n\n\n<p>&nbsp;<\/p>\n\n\n\n<p>&nbsp;<\/p>\n\n\n\n<p><strong>Der Vorstand: <\/strong><\/p>\n\n\n\n<p><strong>Corinna Winkler<\/strong> (1. Vorsitzende)<\/p>\n\n\n\n<p><strong>Petra Schneider<\/strong> (2. Vorsitzende)<\/p>\n\n\n\n<p><strong>Tina R\u00f6mermann <\/strong>(Kassenwartin)<\/p>\n\n\n\n<p><strong>Sabine Fuchs<\/strong> (Schriftwartin)<\/p>\n\n\n\n<p><strong>&nbsp;<\/strong><\/p>\n\n\n\n<p><strong>Was wir tun:<\/strong><\/p>\n\n\n\n<p><strong><em>Kurz gesagt: Das Schulleben (noch) interessanter machen<\/em><\/strong><\/p>\n\n\n\n<ul class=\"wp-block-list\">\n<li>durch Dauer-\u201cSponsoring\u201c<\/li>\n\n\n\n<li>durch Projektf\u00f6rderung<\/li>\n\n\n\n<li>durch Bezuschussung<\/li>\n\n\n\n<li>durch Anpacken\/Mitarbeiten\/Ideen<\/li>\n\n\n\n<li>durch \u00dcbernahme finanzieller Risiken<\/li>\n<\/ul>\n\n\n\n<p><strong>&nbsp;Wie Sie uns unterst\u00fctzen k\u00f6nnen:<\/strong><\/p>\n\n\n\n<p>Mitglied werden. F\u00fcr nur 12,- \u20ac Beitrag\/Jahr.<\/p>\n\n\n\n<p>Oder\/Und einmalig spenden.<\/p>\n\n\n\n<p>Oder Mithelfen \u2013 im Vorstand, bei Veranstaltungen.<\/p>\n\n\n\n<p><strong>&nbsp;Wie wir uns finanzieren:<\/strong><\/p>\n\n\n\n<ol class=\"wp-block-list\">\n<li>Mitgliedsbeitr\u00e4ge<\/li>\n\n\n\n<li>\u00dcbersch\u00fcsse der Photovoltaik-Anlage auf dem Mensa-Dach<\/li>\n\n\n\n<li>Spenden<\/li>\n<\/ol>\n\n\n\n<p><strong>&nbsp;Was wir daf\u00fcr leisten (beispielhaft):<\/strong><\/p>\n\n\n\n<ul class=\"wp-block-list\">\n<li><\/li>\n\n\n\n<li>Betrieb der <strong>PV-Anlage<\/strong><\/li>\n\n\n\n<li>Sponsoring von Sonderaktionen der Schule, bspw. \u201eTag des Buches\u201c, Suchtpr\u00e4ventionsseminar<\/li>\n\n\n\n<li>F\u00f6rderung Theater- &amp; Musikauff\u00fchrungen \/ Materialen (bspw. ein neuer Kontrabass)<\/li>\n\n\n\n<li>Investitionen in sch\u00f6ne (aber nicht n\u00f6tige) Dinge des Schulalltags (bspw. Sitzb\u00e4nke f\u00fcr den Schulhof, Kicker-\/Airhockey-Tisch f\u00fcr die Sch\u00fcler(innen))<\/li>\n\n\n\n<li>Zusch\u00fcsse f\u00fcr Seminarfach-\/Klassenanschaffungen und -unternehmungen soweit sinnvoll und m\u00f6glich<\/li>\n\n\n\n<li>Aber auch: Sammelstelle f\u00fcr Spenden Dritter, die nicht direkt an sie Schule gehen k\u00f6nnen\/d\u00fcrfen<\/li>\n<\/ul>\n\n\n\n<div style=\"height:50px\" aria-hidden=\"true\" class=\"wp-block-spacer\"><\/div>\n\n\n\n<div data-wp-interactive=\"core\/file\" class=\"wp-block-file\"><object data-wp-bind--hidden=\"!state.hasPdfPreview\" hidden class=\"wp-block-file__embed\" data=\"https:\/\/www.gymnasium-uslar.de\/wp-content\/uploads\/2025\/03\/Beitrittserklarung-1.pdf\" type=\"application\/pdf\" style=\"width:100%;height:600px\" aria-label=\"Einbettung von Beitrittserklarung (1).\"><\/object><a id=\"wp-block-file--media-898d4832-1288-4d65-ba28-7181b0463c6a\" href=\"https:\/\/www.gymnasium-uslar.de\/wp-content\/uploads\/2025\/03\/Beitrittserklarung-1.pdf\">Beitrittserklarung (1)<\/a><a href=\"https:\/\/www.gymnasium-uslar.de\/wp-content\/uploads\/2025\/03\/Beitrittserklarung-1.pdf\" class=\"wp-block-file__button wp-element-button\" download aria-describedby=\"wp-block-file--media-898d4832-1288-4d65-ba28-7181b0463c6a\">Herunterladen<\/a><\/div>\n\n\n\n<div class=\"wp-block-media-text is-stacked-on-mobile\"><figure class=\"wp-block-media-text__media\"><\/figure><div class=\"wp-block-media-text__content\">\n<p><\/p>\n<\/div><\/div>\n\n\n\n\n\n<p>&nbsp;<\/p>\n\n\n\n<p>&nbsp;<\/p>\n","protected":false},"excerpt":{"rendered":"<p>&nbsp; &nbsp; &nbsp; &nbsp; &nbsp; &nbsp; Der Vorstand: Corinna Winkler (1. Vorsitzende) Petra Schneider (2. Vorsitzende) Tina R\u00f6mermann (Kassenwartin) Sabine Fuchs (Schriftwartin) &nbsp; Was wir tun: Kurz gesagt: Das Schulleben (noch) interessanter machen &nbsp;Wie Sie uns unterst\u00fctzen k\u00f6nnen: Mitglied werden. F\u00fcr nur 12,- \u20ac Beitrag\/Jahr. Oder\/Und einmalig spenden. Oder Mithelfen \u2013 im Vorstand, bei Veranstaltungen. [&hellip;]<\/p>\n","protected":false},"author":2,"featured_media":0,"parent":1163,"menu_order":5,"comment_status":"closed","ping_status":"closed","template":"","meta":{"footnotes":""},"class_list":["post-1528","page","type-page","status-publish","hentry"],"_links":{"self":[{"href":"https:\/\/www.gymnasium-uslar.de\/index.php?rest_route=\/wp\/v2\/pages\/1528","targetHints":{"allow":["GET"]}}],"collection":[{"href":"https:\/\/www.gymnasium-uslar.de\/index.php?rest_route=\/wp\/v2\/pages"}],"about":[{"href":"https:\/\/www.gymnasium-uslar.de\/index.php?rest_route=\/wp\/v2\/types\/page"}],"author":[{"embeddable":true,"href":"https:\/\/www.gymnasium-uslar.de\/index.php?rest_route=\/wp\/v2\/users\/2"}],"replies":[{"embeddable":true,"href":"https:\/\/www.gymnasium-uslar.de\/index.php?rest_route=%2Fwp%2Fv2%2Fcomments&post=1528"}],"version-history":[{"count":2,"href":"https:\/\/www.gymnasium-uslar.de\/index.php?rest_route=\/wp\/v2\/pages\/1528\/revisions"}],"predecessor-version":[{"id":5303,"href":"https:\/\/www.gymnasium-uslar.de\/index.php?rest_route=\/wp\/v2\/pages\/1528\/revisions\/5303"}],"up":[{"embeddable":true,"href":"https:\/\/www.gymnasium-uslar.de\/index.php?rest_route=\/wp\/v2\/pages\/1163"}],"wp:attachment":[{"href":"https:\/\/www.gymnasium-uslar.de\/index.php?rest_route=%2Fwp%2Fv2%2Fmedia&parent=1528"}],"curies":[{"name":"wp","href":"https:\/\/api.w.org\/{rel}","templated":true}]}}