{"id":1533,"date":"2016-01-30T13:54:55","date_gmt":"2016-01-30T13:54:55","guid":{"rendered":"\/?page_id=1533"},"modified":"2016-01-30T13:54:55","modified_gmt":"2016-01-30T13:54:55","slug":"mathematik","status":"publish","type":"page","link":"https:\/\/www.gymnasium-uslar.de\/?page_id=1533","title":{"rendered":"Mathematik"},"content":{"rendered":"<p>&#8230;.. trocken, abstrakt, nicht alltagstauglich? Nicht mit uns!<\/p>\n<p>Zu Beginn eine kleine Anekdote unseres Mathe-Kollegen Herrn Henningsen:<\/p>\n<p><em>Ich stehe bei REWE an der Kasse. Die Verk\u00e4uferin ist jung und sehr freundlich und sagt mir nach dem Scannen, dass ich 4,63\u20ac zu zahlen h\u00e4tte. Ich habe schon einen F\u00fcnfer in der Hand, gebe ihr diesen und sage dann noch hinterher: &#8222;Warten Sie, ich gebe Ihnen noch 13 Cent.&#8220;<br \/>\nDie Verk\u00e4uferin starrt mich mit gro\u00dfen Augen an, w\u00e4hrend ich das Kleingeld heraus krame, und nimmt &#8211; offensichtlich verwundert ob meines Vorhabens &#8211; das Geld entgegen. Als sie den Betrag in die Kasse eintippt, f\u00e4ngt sie pl\u00f6tzlich \u00fcber das ganze Gesicht an zu strahlen, gibt mir ein 50ct-St\u00fcck in die Hand und sagt zu mir fr\u00f6hlich: &#8222;Sie k\u00f6nnen aber gut rechnen!&#8220;<\/em><br \/>\nUnd genau darum geht es doch in der Mathematik: dass es \u00fcberall kleinere und gr\u00f6\u00dfere Wunder zu entdecken gibt. Damit die Verwunderung beim Bezahlen nicht zu lange anh\u00e4lt, nutzen wir den Taschenrechner nicht f\u00fcr Grund- und Kopfrechenaufgaben!<\/p>\n<p><a href=\"\/wp-content\/uploads\/2014\/05\/Auftakt_M.jpg\"><img loading=\"lazy\" decoding=\"async\" class=\"alignleft wp-image-363 size-large\" src=\"\/wp-content\/uploads\/2014\/05\/Auftakt_M-1024x570.jpg\" alt=\"Auftakt_M\" width=\"768\" height=\"427\" \/><\/a><\/p>\n<p>&nbsp;<\/p>\n<p>Ab Jahrgang 7 bis zum Abitur arbeiten die Sch\u00fcler mit einem <strong>grafikf\u00e4hige Taschenrechner<\/strong> (GTR) TI-84 plus CE-T f\u00fcr knapp 100 \u20ac, der folgende M\u00f6glichkeiten und Vorteile bietet:<\/p>\n<ul>\n<li>Verst\u00e4ndnisf\u00f6rderung durch Visualisierung<\/li>\n<li>Experimentieren und Erkunden<\/li>\n<li>Konzentration auf den mathematischen Kern eines Problems<\/li>\n<li>Verarbeitung gr\u00f6\u00dferer Datenmengen<\/li>\n<li>Kontrolle von Ergebnissen<\/li>\n<\/ul>\n<p>Der unterrichtliche Mehrwert durch den GTR zeigt sich vor allem in der Sekundarstufe II.<\/p>\n<p>Wir verstehen die Mathematik nicht als trocken und abstrakt, sondern versuchen, durch praktische Bez\u00fcge eine positive Grundeinstellung zum Fach herzustellen und die Freude am Erlernten zu f\u00f6rdern.<\/p>\n<p>Das Gymnasium Uslar nimmt regelm\u00e4\u00dfig am internationalen Wettbewerb &#8222;<strong>Das K\u00e4nguru der Mathematik<\/strong>&#8220; teil. Jedes Jahr am dritten Donnerstag im M\u00e4rz geht es darum, durch Knobeln, Probieren, logisches Denken oder Anwenden des in der Schule Gelernten m\u00f6glichst viele Punkte zu erreichen und Preise zu gewinnen. Es handelt sich um einen Multiple-Choice-Wettbewerb mit 30 Fragen unterschiedlichen Schwierigkeitsgrades. Die Teilnahme am K\u00e4nguru-Wettbewerb ist f\u00fcr die Jahrg\u00e4nge 5 bis 7 verpflichtend, in den \u00fcbrigen Jahrg\u00e4ngen k\u00f6nnen die Sch\u00fclerinnen und Sch\u00fcler freiwillig teilnehmen, was vielfach erfolgreich geschieht.<\/p>\n<p>Hier zum Selbstknobeln eine mittelschwere Aufgabe f\u00fcr die Klassenstufen 7 und 8 von 2009:<\/p>\n<p><em>In der Schlange an der Kinokasse entdecke ich meine Lehrerin. Hinter ihr stehen noch 8 Leute, auch Kai, mit dem ich f\u00fcr den Film verabredet bin. Er steht 3 Pl\u00e4tze hinter meiner Lehrerin und ruft mir zu: &#8222;Vor mir sind noch 12 Leute, dann bin ich dran!&#8220;<\/em><\/p>\n<p>Wie lang ist die Schlange? \u00a0 (<em>Die Aufl\u00f6sung findet sich am Ende der Seite \u201ePhysik\u201c.)<\/em><\/p>\n<p><a href=\"\/wp-content\/uploads\/2018\/02\/k\u00e4nguru.jpg\"><img loading=\"lazy\" decoding=\"async\" class=\"aligncenter wp-image-2935 size-full\" src=\"\/wp-content\/uploads\/2018\/02\/k\u00e4nguru.jpg\" alt=\"k\u00e4nguru\" width=\"189\" height=\"267\" \/><\/a><\/p>\n","protected":false},"excerpt":{"rendered":"<p>&#8230;.. trocken, abstrakt, nicht alltagstauglich? Nicht mit uns! Zu Beginn eine kleine Anekdote unseres Mathe-Kollegen Herrn Henningsen: Ich stehe bei REWE an der Kasse. Die Verk\u00e4uferin ist jung und sehr freundlich und sagt mir nach dem Scannen, dass ich 4,63\u20ac zu zahlen h\u00e4tte. Ich habe schon einen F\u00fcnfer in der Hand, gebe ihr diesen und [&hellip;]<\/p>\n","protected":false},"author":2,"featured_media":0,"parent":1177,"menu_order":5,"comment_status":"closed","ping_status":"closed","template":"","meta":{"footnotes":""},"class_list":["post-1533","page","type-page","status-publish","hentry"],"_links":{"self":[{"href":"https:\/\/www.gymnasium-uslar.de\/index.php?rest_route=\/wp\/v2\/pages\/1533","targetHints":{"allow":["GET"]}}],"collection":[{"href":"https:\/\/www.gymnasium-uslar.de\/index.php?rest_route=\/wp\/v2\/pages"}],"about":[{"href":"https:\/\/www.gymnasium-uslar.de\/index.php?rest_route=\/wp\/v2\/types\/page"}],"author":[{"embeddable":true,"href":"https:\/\/www.gymnasium-uslar.de\/index.php?rest_route=\/wp\/v2\/users\/2"}],"replies":[{"embeddable":true,"href":"https:\/\/www.gymnasium-uslar.de\/index.php?rest_route=%2Fwp%2Fv2%2Fcomments&post=1533"}],"version-history":[{"count":0,"href":"https:\/\/www.gymnasium-uslar.de\/index.php?rest_route=\/wp\/v2\/pages\/1533\/revisions"}],"up":[{"embeddable":true,"href":"https:\/\/www.gymnasium-uslar.de\/index.php?rest_route=\/wp\/v2\/pages\/1177"}],"wp:attachment":[{"href":"https:\/\/www.gymnasium-uslar.de\/index.php?rest_route=%2Fwp%2Fv2%2Fmedia&parent=1533"}],"curies":[{"name":"wp","href":"https:\/\/api.w.org\/{rel}","templated":true}]}}