{"id":2200,"date":"2016-09-04T18:52:32","date_gmt":"2016-09-04T18:52:32","guid":{"rendered":"\/?page_id=2200"},"modified":"2016-09-04T18:52:32","modified_gmt":"2016-09-04T18:52:32","slug":"seminarfach","status":"publish","type":"page","link":"https:\/\/www.gymnasium-uslar.de\/?page_id=2200","title":{"rendered":"Seminarfach"},"content":{"rendered":"<p>Seminarfach \u2013 was ist das denn? Diese Frage bekommt man als Unterrichtender \u00f6fter zu h\u00f6ren, wenn man neben seinen \u201eeigentlichen\u201c F\u00e4chern noch das Seminarfach nennt. Und auch f\u00fcr die Sch\u00fclerinnen und Sch\u00fcler, die sich in Jahrgang 10 zum ersten Mal Gedanken \u00fcber die Oberstufe machen, ist dieses \u00fcber zwei Jahre\u00a0 von jedem verpflichtend zu belegende Fach noch mit vielen Fragezeichen versehen. Dabei ist das Seminarfach ein faszinierendes Fach, das zum einen Lehrern und Sch\u00fclern viele Freiheiten und Gestaltungsspielraum bietet, zum anderen aber auch Inhalte und Fertigkeiten in den Mittelpunkt r\u00fcckt, die sonst in Schule oft zu kurz kommen. Es dient der f\u00e4cher\u00fcbergreifenden Vorbereitung auf Studium und Arbeitswelt und der gezielten Vermittlung zentraler F\u00e4higkeiten wie Fach-, Methoden-, Sozial- und Selbstlernkompetenz sowie des wissenschaftlichen Arbeitens. Das Gymnasium Uslar nutzt die M\u00f6glichkeiten dieses Faches gezielt und konsequent, um die Sekundarstufe II um ungew\u00f6hnliche Inhalte und Projektarbeiten zu bereichern.<\/p>\n<p>Zum Schuljahresbeginn w\u00e4hlt sich der gesamte Jahrgang 11 in der Regel in vier Kurse mit jeweils unterschiedlichen Themenschwerpunkten ein. Das k\u00f6nnen so unterschiedliche Themenfelder sein wie Journalismus, Aerodynamik, St\u00e4dtebau, Mythen und Sagen oder Gl\u00fcck, um nur einige der vielen bereits durchgef\u00fchrten Seminarf\u00e4cher zu nennen. In Auseinandersetzung mit diesen Themen werden dann grundlegende Methoden und Inhalte erarbeitet, ehe sich die Sch\u00fclerinnen und Sch\u00fcler dann im zweiten Semester an das Verfassen einer Seminarfacharbeit wagen, die unter Verwendung wissenschaftlicher Methoden und Literatur exemplarisch einer Fragestellung nachgeht. Arbeitsschritte und Ergebnisse dieser Arbeiten werden schlie\u00dflich am Ende des zweiten Semesters auf einer Seminarfachtagung der interessierten \u00d6ffentlichkeit pr\u00e4sentiert. Im dritten und vierten Semester wird zumeist praktischer und projektorientiert, aber auch berufsfeldbezogen gearbeitet und es werden im Rahmen von Exkursionen au\u00dferschulische Lernorte aufgesucht. In diesem Zusammenhang sind am Gymnasium Uslar bereits einige beeindruckende Projektideen umgesetzt und Produkte erarbeitet worden. Dabei setzt das Seminarfach \u00fcber die Semesterfolge zunehmend auf die Eigeninitiative und das Engagement der Sch\u00fclerinnen und Sch\u00fcler \u2013 ein vielf\u00e4ltiges, anregendes, aber oft auch anstrengendes Fach also!<\/p>\n<p>&nbsp;<\/p>\n","protected":false},"excerpt":{"rendered":"<p>Seminarfach \u2013 was ist das denn? Diese Frage bekommt man als Unterrichtender \u00f6fter zu h\u00f6ren, wenn man neben seinen \u201eeigentlichen\u201c F\u00e4chern noch das Seminarfach nennt. Und auch f\u00fcr die Sch\u00fclerinnen und Sch\u00fcler, die sich in Jahrgang 10 zum ersten Mal Gedanken \u00fcber die Oberstufe machen, ist dieses \u00fcber zwei Jahre\u00a0 von jedem verpflichtend zu belegende [&hellip;]<\/p>\n","protected":false},"author":2,"featured_media":0,"parent":0,"menu_order":0,"comment_status":"closed","ping_status":"closed","template":"","meta":{"footnotes":""},"class_list":["post-2200","page","type-page","status-publish","hentry"],"_links":{"self":[{"href":"https:\/\/www.gymnasium-uslar.de\/index.php?rest_route=\/wp\/v2\/pages\/2200","targetHints":{"allow":["GET"]}}],"collection":[{"href":"https:\/\/www.gymnasium-uslar.de\/index.php?rest_route=\/wp\/v2\/pages"}],"about":[{"href":"https:\/\/www.gymnasium-uslar.de\/index.php?rest_route=\/wp\/v2\/types\/page"}],"author":[{"embeddable":true,"href":"https:\/\/www.gymnasium-uslar.de\/index.php?rest_route=\/wp\/v2\/users\/2"}],"replies":[{"embeddable":true,"href":"https:\/\/www.gymnasium-uslar.de\/index.php?rest_route=%2Fwp%2Fv2%2Fcomments&post=2200"}],"version-history":[{"count":0,"href":"https:\/\/www.gymnasium-uslar.de\/index.php?rest_route=\/wp\/v2\/pages\/2200\/revisions"}],"wp:attachment":[{"href":"https:\/\/www.gymnasium-uslar.de\/index.php?rest_route=%2Fwp%2Fv2%2Fmedia&parent=2200"}],"curies":[{"name":"wp","href":"https:\/\/api.w.org\/{rel}","templated":true}]}}