{"id":2470,"date":"2017-01-02T10:06:20","date_gmt":"2017-01-02T10:06:20","guid":{"rendered":"\/?page_id=2470"},"modified":"2017-01-02T10:06:20","modified_gmt":"2017-01-02T10:06:20","slug":"spanisch","status":"publish","type":"page","link":"https:\/\/www.gymnasium-uslar.de\/?page_id=2470","title":{"rendered":"Spanisch"},"content":{"rendered":"<p><em>\u00a1Hola y bienvenidos!<\/em><\/p>\n<p><strong>Barcelona, Gran Canaria, Ibiza, Mallorca<\/strong> sind beliebte Urlaubsziele f\u00fcr Deutsche in Spanien.<\/p>\n<p><strong>Fernando Alonso, Antonio Banderas, Penelope Cruz, Lionel Messi, Rafael Nadal, Shakira <\/strong>und \u00fcber 500 Millionen anderer Menschen sprechen Spanisch.<\/p>\n<p><strong>Argentinien, \u00c4quatorialguinea, Bolivien, Costa Rica<\/strong> und in weiteren 16 L\u00e4ndern ist Spanisch Amtssprache.<\/p>\n<p><strong>Cafeteria, Gitarre, gratis, La Ola<\/strong> &#8230; sind Begriffe, die aus dem Spanischen ins Deutsche \u00fcbernommen wurden.<\/p>\n<p><strong>Paella, Tapas, Tortilla, Turr\u00f3n<\/strong> &#8230; sind Gerichte, die aus Spanisch oder Lateinamerika kommen und auch bei uns bekannt sind.<\/p>\n<p>Wer Lust hat<\/p>\n<ul>\n<li>mehr \u00fcber spanische oder lateinamerikanische Pers\u00f6nlichkeiten, Gerichte, Lieder, Filme, Geschichte zu erfahren,<\/li>\n<li>sich durch eine neue Sprache eine neue Welt zu er\u00f6ffnen,<\/li>\n<li>sich sprachlich auf ein Auslandsjahr in Lateinamerika vorzubereiten,<\/li>\n<li>oder w\u00e4hrend eines Urlaubs in direkten Kontakt mit den Einheimischen zu kommen<\/li>\n<\/ul>\n<p>kann das Fach Spanisch\u00a0zuk\u00fcnftig\u00a0als Neubeginner in Jahrgang 11 (ab Sommer 2018) w\u00e4hlen.<\/p>\n<p><em>Adi\u00f3s y hasta pronto!<\/em><\/p>\n<p>&nbsp;<\/p>\n","protected":false},"excerpt":{"rendered":"<p>\u00a1Hola y bienvenidos! Barcelona, Gran Canaria, Ibiza, Mallorca sind beliebte Urlaubsziele f\u00fcr Deutsche in Spanien. Fernando Alonso, Antonio Banderas, Penelope Cruz, Lionel Messi, Rafael Nadal, Shakira und \u00fcber 500 Millionen anderer Menschen sprechen Spanisch. Argentinien, \u00c4quatorialguinea, Bolivien, Costa Rica und in weiteren 16 L\u00e4ndern ist Spanisch Amtssprache. Cafeteria, Gitarre, gratis, La Ola &#8230; sind Begriffe, [&hellip;]<\/p>\n","protected":false},"author":2,"featured_media":0,"parent":0,"menu_order":0,"comment_status":"closed","ping_status":"closed","template":"","meta":{"footnotes":""},"class_list":["post-2470","page","type-page","status-publish","hentry"],"_links":{"self":[{"href":"https:\/\/www.gymnasium-uslar.de\/index.php?rest_route=\/wp\/v2\/pages\/2470","targetHints":{"allow":["GET"]}}],"collection":[{"href":"https:\/\/www.gymnasium-uslar.de\/index.php?rest_route=\/wp\/v2\/pages"}],"about":[{"href":"https:\/\/www.gymnasium-uslar.de\/index.php?rest_route=\/wp\/v2\/types\/page"}],"author":[{"embeddable":true,"href":"https:\/\/www.gymnasium-uslar.de\/index.php?rest_route=\/wp\/v2\/users\/2"}],"replies":[{"embeddable":true,"href":"https:\/\/www.gymnasium-uslar.de\/index.php?rest_route=%2Fwp%2Fv2%2Fcomments&post=2470"}],"version-history":[{"count":0,"href":"https:\/\/www.gymnasium-uslar.de\/index.php?rest_route=\/wp\/v2\/pages\/2470\/revisions"}],"wp:attachment":[{"href":"https:\/\/www.gymnasium-uslar.de\/index.php?rest_route=%2Fwp%2Fv2%2Fmedia&parent=2470"}],"curies":[{"name":"wp","href":"https:\/\/api.w.org\/{rel}","templated":true}]}}