{"id":3020,"date":"2018-04-20T11:37:22","date_gmt":"2018-04-20T11:37:22","guid":{"rendered":"\/?page_id=3020"},"modified":"2018-04-20T11:37:22","modified_gmt":"2018-04-20T11:37:22","slug":"schulsanitaetsdienst","status":"publish","type":"page","link":"https:\/\/www.gymnasium-uslar.de\/?page_id=3020","title":{"rendered":"Schulsanit\u00e4tsdienst"},"content":{"rendered":"<p style=\"text-align: justify;\"><a href=\"\/wp-content\/uploads\/2015\/11\/sani.jpg\"><img loading=\"lazy\" decoding=\"async\" class=\"aligncenter wp-image-3780 size-full\" src=\"\/wp-content\/uploads\/2015\/11\/sani.jpg\" alt=\"sani\" width=\"640\" height=\"390\" \/><\/a><\/p>\n<p style=\"text-align: justify;\">Kopfschmerzen, \u00dcbelkeit oder Verstauchung? Schon ist der Schulsanit\u00e4tsdienst zur Stelle. Die\u00a0 Sch\u00fclerinnen und Sch\u00fcler aus den Jahrg\u00e4ngen 9 &#8211; 13, die sich alle durch einen Erste-Hilfe-Kurs und weitere Fortbildungen des DRK qualifiziert haben, sind t\u00e4glich von der 1. bis zur 6. Stunde in Zweierteams einsatzbereit und betreuen auch Sportveranstaltungen. Unterst\u00fctzt werden sie dabei vom DRK und dem Lehrer Felix Schubert.<\/p>\n<p style=\"text-align: justify;\">Der Schulsanit\u00e4tsdienst des Gymnasiums Uslar leistet Erstversorgung bei pl\u00f6tzlichen Erkrankungen, Unf\u00e4llen und Verletzungen bis zum Eintreffen des Rettungsdienstes und ist in Notf\u00e4llen jederzeit vom Sekretariat aus abrufbar. Die Gruppe trifft sich jeden Dienstag in der Mittagspause im Erdkunderaum.<\/p>\n<p>&nbsp;<\/p>\n","protected":false},"excerpt":{"rendered":"<p>Kopfschmerzen, \u00dcbelkeit oder Verstauchung? Schon ist der Schulsanit\u00e4tsdienst zur Stelle. Die\u00a0 Sch\u00fclerinnen und Sch\u00fcler aus den Jahrg\u00e4ngen 9 &#8211; 13, die sich alle durch einen Erste-Hilfe-Kurs und weitere Fortbildungen des DRK qualifiziert haben, sind t\u00e4glich von der 1. bis zur 6. Stunde in Zweierteams einsatzbereit und betreuen auch Sportveranstaltungen. Unterst\u00fctzt werden sie dabei vom DRK [&hellip;]<\/p>\n","protected":false},"author":2,"featured_media":0,"parent":1167,"menu_order":0,"comment_status":"closed","ping_status":"closed","template":"","meta":{"footnotes":""},"class_list":["post-3020","page","type-page","status-publish","hentry"],"_links":{"self":[{"href":"https:\/\/www.gymnasium-uslar.de\/index.php?rest_route=\/wp\/v2\/pages\/3020","targetHints":{"allow":["GET"]}}],"collection":[{"href":"https:\/\/www.gymnasium-uslar.de\/index.php?rest_route=\/wp\/v2\/pages"}],"about":[{"href":"https:\/\/www.gymnasium-uslar.de\/index.php?rest_route=\/wp\/v2\/types\/page"}],"author":[{"embeddable":true,"href":"https:\/\/www.gymnasium-uslar.de\/index.php?rest_route=\/wp\/v2\/users\/2"}],"replies":[{"embeddable":true,"href":"https:\/\/www.gymnasium-uslar.de\/index.php?rest_route=%2Fwp%2Fv2%2Fcomments&post=3020"}],"version-history":[{"count":0,"href":"https:\/\/www.gymnasium-uslar.de\/index.php?rest_route=\/wp\/v2\/pages\/3020\/revisions"}],"up":[{"embeddable":true,"href":"https:\/\/www.gymnasium-uslar.de\/index.php?rest_route=\/wp\/v2\/pages\/1167"}],"wp:attachment":[{"href":"https:\/\/www.gymnasium-uslar.de\/index.php?rest_route=%2Fwp%2Fv2%2Fmedia&parent=3020"}],"curies":[{"name":"wp","href":"https:\/\/api.w.org\/{rel}","templated":true}]}}