{"id":4149,"date":"2021-03-31T15:00:45","date_gmt":"2021-03-31T15:00:45","guid":{"rendered":"\/?page_id=4149"},"modified":"2021-03-31T15:00:45","modified_gmt":"2021-03-31T15:00:45","slug":"sport-2","status":"publish","type":"page","link":"https:\/\/www.gymnasium-uslar.de\/?page_id=4149","title":{"rendered":"Sport"},"content":{"rendered":"<p style=\"text-align: justify;\">Sowohl das Unterrichtsfach Sport als auch der au\u00dferunterrichtliche Sport k\u00f6nnen an unserer Schule auf eine lange Tradition zur\u00fcckblicken. Sport hat einen hohen Stellenwert und stellt somit einen wichtigen Baustein des schulischen Zusammenlebens dar. Seit dem 21. Oktober 2014 darf sich das Gymnasium Uslar auch offiziell als sportfreundliche Schule bezeichnen. Die Landeschulbeh\u00f6rde w\u00fcrdigt mit dieser Auszeichnung die sportlichen Rahmenbedingungen und Angebote unserer Schule. Hierzu geh\u00f6ren u.a. die erfolgreichen Teilnahme an unterschiedlichsten Turnieren, wie z. B. den allj\u00e4hrlichen \u201eJugend trainiert f\u00fcr Olympia\u201c-Wettbewerben, die sich bei den Sch\u00fclern hoher Beliebtheit erfreuen. Hierbei konnten unsere Wettkampfmannschaften z.B. im Schuljahr 2018\/2019 zwei Bezirksmeistertitel im Handball und im Orientierungslauf erringen. Aber auch in vielen anderen sportlichen Wettk\u00e4mpfen belegt das Gymnasium Uslar immer wieder vordere Pl\u00e4tze.<\/p>\n<p style=\"text-align: justify;\"><a href=\"\/wp-content\/uploads\/2019\/06\/Leichtathletik-Mai-2019.jpg\"><img loading=\"lazy\" decoding=\"async\" class=\"alignleft wp-image-3563 size-large\" src=\"\/wp-content\/uploads\/2019\/06\/Leichtathletik-Mai-2019-1024x541.jpg\" alt=\"Leichtathletik Mai 2019\" width=\"768\" height=\"405\" \/><\/a><\/p>\n<p style=\"text-align: justify;\">.<\/p>\n<p style=\"text-align: justify;\">Dieses sportfreundliche Schulklima und die gute Infrastruktur machten unsere Schule schon mehrfach zum Ausrichter verschiedenster Sportevents, zum Teil sogar bis hin zu Landesmeisterschaften. Auf lokaler bzw. regionaler Ebene veranstalten wir jedes Jahr das beliebte \u201eV\u00f6lkerball verkehrt\u201c-Turnier der 5. und 6. Klassen der Uslarer Schulen sowie mit Unterst\u00fctzung durch unseren Kooperationspartner, die Volksbank Solling, das Fu\u00dfballturnier der Jungen der 9. und 10. Jahrg\u00e4nge um den \u201eSolling-Cup\u201c. Dieses Angebot wurde 2016 noch um ein \u201eLehrer-Sch\u00fcler-Turnier\u201c erweitert, bei welchem Sch\u00fclerinnen und Sch\u00fcler aller Jahrg\u00e4nge in verschiedenen Sportarten gegen Lehrermannschaften antreten. Somit ist es nur folgerichtig, dass die Auszeichnung des Gymnasiums Uslar als Sportfreundliche Schule im M\u00e4rz 2021 bereits zum zweiten Mal verl\u00e4ngert wurde.<\/p>\n<p style=\"text-align: justify;\"><strong>Kooperation<\/strong><\/p>\n<p style=\"text-align: justify;\">Als Schule sind wir nat\u00fcrlich um eine enge Zusammenarbeit mit den hiesigen Vereinen bem\u00fcht, da wir der festen \u00dcberzeugung sind, dass alle Beteiligten \u2013 vor allem aber die Kinder! &#8211;\u00a0 von einer solchen Kooperation nur profitieren k\u00f6nnen. In diesem Zusammenhang werden auch mehrere sportliche Aktivit\u00e4ten im Ganztagsbereich angeboten, z.B. Tanz, Fu\u00dfball oder Ultimate Frisbee, welche sich bei den Sch\u00fclerinnen und Sch\u00fclern gro\u00dfer Beliebtheit erfreuen.\u00a0 Dar\u00fcber hinaus besteht die M\u00f6glichkeit, die gro\u00dfen Pausen durch eine Ausleihe von Sportger\u00e4ten bewegungsfreundlich zu gestalten.<\/p>\n<p style=\"text-align: justify;\"><strong>Der Sportunterricht<\/strong><\/p>\n<p style=\"text-align: justify;\">Doch auch unser unterrichtliches Sportangebot kann sich sehen lassen! Neben Trendsportarten wie <em>Le Parcour<\/em> oder American Football bildet der \u201eklassische\u201c Sportartenkanon einen zentralen Bestandteil unserer Ausbildung. Turnen, Leichtathletik, Schwimmen und die regional besonders verwurzelten gro\u00dfen Sportspiele Handball und Fu\u00dfball sind in unserem Schulcurriculum vorgesehen.\u00a0 Das Deutsche Sportabzeichen kann in allen Klassenstufen von den Sch\u00fclern im Rahmen eines allj\u00e4hrlichen Sportfests neu erworben werden. In Kooperation mit dem \u201eBadeland Uslar\u201c ist es uns m\u00f6glich, auch weiterhin eine schwimmerische Ausbildung in den Jahrg\u00e4ngen 6, 8 und 10 zu gew\u00e4hrleisten, ein Erfolg, den wir insbesondere in Hinsicht auf die massenhafte Schlie\u00dfung von B\u00e4dern nicht nur hier in der Region als besonders wichtig erachten.<\/p>\n<p style=\"text-align: justify;\"><a href=\"\/wp-content\/uploads\/2015\/11\/Handball1.jpg\"><img loading=\"lazy\" decoding=\"async\" class=\"alignleft wp-image-3801 size-full\" src=\"\/wp-content\/uploads\/2015\/11\/Handball1.jpg\" alt=\"Handball\" width=\"750\" height=\"422\" \/><\/a><\/p>\n<p style=\"text-align: justify;\">.<\/p>\n<p style=\"text-align: justify;\"><strong>Sport in der Oberstufe<\/strong><\/p>\n<p style=\"text-align: justify;\">Die Oberstufensch\u00fcler k\u00f6nnen sich im 11. Jahrgang auf ein traditionelles \u201eHighlight\u201c ihrer schulischen Karriere freuen. Unser Skikurs besitzt\u00a0 nach \u00fcber 30 Jahren immer noch h\u00f6chste Attraktivit\u00e4t und sorgt auch lange nach dem Abitur immer wieder f\u00fcr Gespr\u00e4chsstoff. Und h\u00e4ufig wird er auch zum Grundstein einer lebenslangen sportlichen Aktivit\u00e4t\u2026 Unser Kursangebot in der Oberstufe orientiert sich an dem nieders\u00e4chsischen \u201eKerncurriculum f\u00fcr das Gymnasium \u2013 gymnasiale Oberstufe\u201c. Hier werden die Sch\u00fcler in vier Erfahrungs- und Lernfeldern (Kondition, Koordination, Zielschussspiele, R\u00fcckschlagspiele) in unterschiedlichen Sportarten ausgebildet. Das Konzept erm\u00f6glicht eine hohe Eigenbeteiligung der Sch\u00fcler an der Auswahl der jeweiligen Inhalte. Zudem k\u00f6nnen durch diese Erweiterung auch Sportarten thematisiert werden, die die Sch\u00fcler selber mit in den Unterricht einbringen und in welchen sie als Experten ungewohnte Bewegungserfahrungen vermitteln k\u00f6nnen.<\/p>\n<p style=\"text-align: justify;\"><strong>Sport als Abiturfach<\/strong><\/p>\n<p style=\"text-align: justify;\">Seit einigen Jahren besteht an unserer Schule wieder die M\u00f6glichkeit, Sport als 5. Pr\u00fcfungsfach im Abitur einzubringen. Hierbei werden in den zwei Jahren der Qualifizierungsphase in einem vierst\u00fcndigen Sportkurs theoretische und praktische Inhalte miteinander verkn\u00fcpft und erprobt. Diese Schwerpunktsetzung wird begleitet von zahlreichen Exkursionen zu unterschiedlichen sportlichen Gro\u00dfveranstaltungen, sportlich gepr\u00e4gten Berufsfeldern und Trainingshospitationen. Immer wieder werden auch externe Experten zur Vermittlung ungewohnter Bewegungsformen herangezogen (z.B. Zumba).<\/p>\n","protected":false},"excerpt":{"rendered":"<p>Sowohl das Unterrichtsfach Sport als auch der au\u00dferunterrichtliche Sport k\u00f6nnen an unserer Schule auf eine lange Tradition zur\u00fcckblicken. Sport hat einen hohen Stellenwert und stellt somit einen wichtigen Baustein des schulischen Zusammenlebens dar. Seit dem 21. Oktober 2014 darf sich das Gymnasium Uslar auch offiziell als sportfreundliche Schule bezeichnen. Die Landeschulbeh\u00f6rde w\u00fcrdigt mit dieser Auszeichnung [&hellip;]<\/p>\n","protected":false},"author":2,"featured_media":0,"parent":0,"menu_order":0,"comment_status":"closed","ping_status":"closed","template":"","meta":{"footnotes":""},"class_list":["post-4149","page","type-page","status-publish","hentry"],"_links":{"self":[{"href":"https:\/\/www.gymnasium-uslar.de\/index.php?rest_route=\/wp\/v2\/pages\/4149","targetHints":{"allow":["GET"]}}],"collection":[{"href":"https:\/\/www.gymnasium-uslar.de\/index.php?rest_route=\/wp\/v2\/pages"}],"about":[{"href":"https:\/\/www.gymnasium-uslar.de\/index.php?rest_route=\/wp\/v2\/types\/page"}],"author":[{"embeddable":true,"href":"https:\/\/www.gymnasium-uslar.de\/index.php?rest_route=\/wp\/v2\/users\/2"}],"replies":[{"embeddable":true,"href":"https:\/\/www.gymnasium-uslar.de\/index.php?rest_route=%2Fwp%2Fv2%2Fcomments&post=4149"}],"version-history":[{"count":0,"href":"https:\/\/www.gymnasium-uslar.de\/index.php?rest_route=\/wp\/v2\/pages\/4149\/revisions"}],"wp:attachment":[{"href":"https:\/\/www.gymnasium-uslar.de\/index.php?rest_route=%2Fwp%2Fv2%2Fmedia&parent=4149"}],"curies":[{"name":"wp","href":"https:\/\/api.w.org\/{rel}","templated":true}]}}