{"id":4354,"date":"2021-11-13T15:09:24","date_gmt":"2021-11-13T15:09:24","guid":{"rendered":"\/?page_id=4354"},"modified":"2021-11-13T15:09:24","modified_gmt":"2021-11-13T15:09:24","slug":"werte-und-normen","status":"publish","type":"page","link":"https:\/\/www.gymnasium-uslar.de\/?page_id=4354","title":{"rendered":"Werte und Normen"},"content":{"rendered":"<p>&nbsp;<\/p>\n<p><strong>Wer bin ich? Was soll ich tun? Was kann ich wissen? Was darf ich hoffen?<\/strong><\/p>\n<p>Diese Grundfragen Immanuel Kants sind gewisserma\u00dfen die Leitfragen des Werte-und-Normen-Unterrichts. Die Ann\u00e4herung an diese Fragen ist individuell kann nur durch aktives, eigenst\u00e4ndiges und problemorientiertes Denken und Philosophieren erfolgen. Das ist vielleicht ein bisschen anders als in den meisten anderen F\u00e4chern, denn bei uns geht es nicht in erster Linie um Faktenwissen.<\/p>\n<p>Wir lernen verschiedene Perspektiven auf aktuelle gesellschaftliche, weltanschauliche und ethische Fragestellungen kennen und m\u00f6chten die Sch\u00fclerInnen und Sch\u00fcler in die Lage versetzen, zu eigenen begr\u00fcndeten Urteilen zu kommen.<\/p>\n<p>&nbsp;<\/p>\n<p><strong>Daher ist Werte und Normen Unterricht:<\/strong><\/p>\n<ul>\n<li>\u00a0Unterricht, der <strong>offen f\u00fcr alle<\/strong> ist &#8211; unabh\u00e4ngig von Religionszugeh\u00f6rigkeit und Glauben<\/li>\n<li>\u00a0Vermittlung von Kenntnissen aus <strong>drei Bezugswissenschaften<\/strong>: Religionswissenschaft, Gesellschaftswissenschaften und Philosophie<\/li>\n<li>\u00a0konkretes <strong>Umsetzen des Bildungsauftrages<\/strong> (NSchG \u00a72) Bildungsauftrag der Schule<\/li>\n<\/ul>\n<p><em>(1) Die Schule soll im Anschluss an die vorschulische Erziehung die Pers\u00f6nlichkeit der Sch\u00fclerinnen und Sch\u00fcler auf der Grundlage des Christentums, des europ\u00e4ischen Humanismus und der Ideen der liberalen, demokratischen und sozialen Freiheitsbewegungen weiterentwickeln. Erziehung und Unterricht m\u00fcssen dem Grundgesetz f\u00fcr die Bundesrepublik Deutschland und der Nieders\u00e4chsischen Verfassung entsprechen; die Schule hat die Wertvorstellungen zu vermitteln, die diesen Verfassungen zugrunde liegen<\/em>.<\/p>\n<ul>\n<li>der Versuch Heranwachsende zu bef\u00e4higen, <strong>mit Menschen anderer Religionen und Weltanschauungen friedlich zusammenzuleben<\/strong><\/li>\n<\/ul>\n<ul>\n<li>Entdeckung der <strong>Werte unserer Verfassung<\/strong> und Bewusstmachen, dass es einen <strong>Wertekonsens<\/strong> in dieser Gesellschaft gibt<\/li>\n<\/ul>\n<ul>\n<li>Entwicklung philosophischer Fragestellungen: <em>&#8222;Staunen \u00fcber die Welt&#8220;<\/em>. <strong>Werteorientierung<\/strong> und Hilfen bei der Weltbew\u00e4ltigung<\/li>\n<\/ul>\n<ul>\n<li><strong>Identit\u00e4tsfindung<\/strong> durch das Erfahren und Verstehen kulturgeschichtlicher Zusammenh\u00e4nge und der Urspr\u00fcnge j\u00fcdisch &#8211; christlicher Traditionen<\/li>\n<\/ul>\n<ul>\n<li>\u00a0Informationen \u00fcber das uralte <strong>Weisheitswissen der Weltreligionen<\/strong><\/li>\n<\/ul>\n<ul>\n<li>Entdeckung <strong>friedensstiftender Gemeinsamkeiten<\/strong> der Weltreligionen (Weltethos)<\/li>\n<\/ul>\n<p>&nbsp;<\/p>\n<p><strong>Die Themen in den einzelnen Jahrg\u00e4ngen:<\/strong><\/p>\n<table width=\"99%\">\n<tbody>\n<tr>\n<td width=\"26%\"><strong>Inhaltsbezogene Kompetenzbereiche<\/strong><\/td>\n<td width=\"22%\"><strong>Leitthemen f\u00fcr die Schuljahrg\u00e4nge <\/strong><strong>5 und 6<\/strong><\/td>\n<td width=\"24%\"><strong>Leitthemen f\u00fcr die Schuljahrg\u00e4nge<\/strong><strong>\u00a07 und 8<\/strong><\/td>\n<td width=\"27%\"><strong>Leitthemen f\u00fcr die Schuljahrg\u00e4nge <\/strong><strong>9 und 10<\/strong><\/td>\n<\/tr>\n<tr>\n<td width=\"26%\"><strong>Fragen nach dem Ich<\/strong><\/td>\n<td width=\"22%\">Ich und meine\u00a0 Beziehungen<\/td>\n<td width=\"24%\">Das Ich und seine sozialen Rollen<\/td>\n<td width=\"27%\">Entwicklung und Gestaltung von Identit\u00e4t<\/td>\n<\/tr>\n<tr>\n<td width=\"26%\"><strong>Fragen nach der Zukunft<\/strong><\/td>\n<td width=\"22%\">Gl\u00fcck und Lebensgestaltung<\/td>\n<td width=\"24%\">Konstruktiver Umgang mit Krisen<\/td>\n<td width=\"27%\">Verantwortung f\u00fcr Natur und Umwelt<\/td>\n<\/tr>\n<tr>\n<td width=\"26%\"><strong>Fragen nach Moral und Ethik<\/strong><\/td>\n<td width=\"22%\">Regeln f\u00fcr dasZusammenleben<\/td>\n<td width=\"24%\">Liebe und Sexualit\u00e4t<\/td>\n<td width=\"27%\">Ethische Grundlagen f\u00fcr Konfliktl\u00f6sungen<\/td>\n<\/tr>\n<tr>\n<td width=\"26%\"><strong>Fragen nach der Wirklichkeit<\/strong><\/td>\n<td width=\"22%\">Leben in Vielfalt<\/td>\n<td width=\"24%\">Menschenrechte und Menschenw\u00fcrde<\/td>\n<td width=\"27%\">Wahrheit und\u00a0 Wirklichkeit<\/td>\n<\/tr>\n<tr>\n<td width=\"26%\"><strong>Fragen nach Orientierungs-m\u00f6glichkeiten<\/strong><\/td>\n<td width=\"22%\">Aspekte vonReligionen und Weltanschauungen<\/td>\n<td width=\"24%\">Leben in religi\u00f6s und weltanschaulich gepr\u00e4gten Kulturen<\/td>\n<td width=\"27%\">Deutungsm\u00f6glichkeiten und -grenzen vonReligionen und Weltanschauungen<\/td>\n<\/tr>\n<\/tbody>\n<\/table>\n<p>&nbsp;<\/p>\n<p>Beispiele und Unterrichtsergebnisse findet ihr hier:<\/p>\n<p><a href=\"https:\/\/padlet.com\/Kfenz\/WNErgebnisse\">https:\/\/padlet.com\/Kfenz\/WNErgebnisse<\/a><\/p>\n<p>Wir freuen uns auf euch!<\/p>\n<p>&nbsp;<\/p>\n<p>Die WN \u2013 Fachgruppe am Gymnasium Uslar<\/p>\n","protected":false},"excerpt":{"rendered":"<p>&nbsp; Wer bin ich? Was soll ich tun? Was kann ich wissen? Was darf ich hoffen? Diese Grundfragen Immanuel Kants sind gewisserma\u00dfen die Leitfragen des Werte-und-Normen-Unterrichts. Die Ann\u00e4herung an diese Fragen ist individuell kann nur durch aktives, eigenst\u00e4ndiges und problemorientiertes Denken und Philosophieren erfolgen. Das ist vielleicht ein bisschen anders als in den meisten anderen [&hellip;]<\/p>\n","protected":false},"author":2,"featured_media":0,"parent":0,"menu_order":0,"comment_status":"closed","ping_status":"closed","template":"","meta":{"footnotes":""},"class_list":["post-4354","page","type-page","status-publish","hentry"],"_links":{"self":[{"href":"https:\/\/www.gymnasium-uslar.de\/index.php?rest_route=\/wp\/v2\/pages\/4354","targetHints":{"allow":["GET"]}}],"collection":[{"href":"https:\/\/www.gymnasium-uslar.de\/index.php?rest_route=\/wp\/v2\/pages"}],"about":[{"href":"https:\/\/www.gymnasium-uslar.de\/index.php?rest_route=\/wp\/v2\/types\/page"}],"author":[{"embeddable":true,"href":"https:\/\/www.gymnasium-uslar.de\/index.php?rest_route=\/wp\/v2\/users\/2"}],"replies":[{"embeddable":true,"href":"https:\/\/www.gymnasium-uslar.de\/index.php?rest_route=%2Fwp%2Fv2%2Fcomments&post=4354"}],"version-history":[{"count":0,"href":"https:\/\/www.gymnasium-uslar.de\/index.php?rest_route=\/wp\/v2\/pages\/4354\/revisions"}],"wp:attachment":[{"href":"https:\/\/www.gymnasium-uslar.de\/index.php?rest_route=%2Fwp%2Fv2%2Fmedia&parent=4354"}],"curies":[{"name":"wp","href":"https:\/\/api.w.org\/{rel}","templated":true}]}}