{"id":4770,"date":"2023-02-17T14:15:07","date_gmt":"2023-02-17T14:15:07","guid":{"rendered":"\/?page_id=4770"},"modified":"2024-05-28T08:27:54","modified_gmt":"2024-05-28T06:27:54","slug":"digitalisierung","status":"publish","type":"page","link":"https:\/\/www.gymnasium-uslar.de\/?page_id=4770","title":{"rendered":"Digitalisierung und Konzept zur Medienbildung"},"content":{"rendered":"<p style=\"text-align: justify;\">Zum Schuljahr 2022\/23 starteten unsere 8. Klassen als Pilotjahrgang mit der Arbeit an digitalen Endger\u00e4ten. Lange Jahre der Vorbereitung waren vorausgegangen. Viele Entscheidungen wurden in der \u201eArbeitsgruppe Digitalisierung\u201c bestehend aus Lehrkr\u00e4ften, Eltern und Sch\u00fclern vorbereitet, in Gesamtkonferenzen und im Schulvorstand diskutiert und dann getroffen.<\/p>\n<ul>\n<li>Im gesamten Geb\u00e4ude wurde an der fl\u00e4chendeckenden Ausstattung mit WLAN gearbeitet. Daf\u00fcr waren viele Kilometer Kabel durch viele Flure und Etagen zu ziehen.<\/li>\n<li>Unter Beachtung der nieders\u00e4chsischen Vorgaben haben wir ein Medienbildungskonzept speziell f\u00fcr das Gymnasium Uslar erstellt. Es wird st\u00e4ndig evaluiert und fortgeschrieben. (s. Anhang)<\/li>\n<li>Die technische Ausstattung wurde sorgf\u00e4ltig geplant und ausgef\u00fchrt: Jeder Unterrichtsraum der Schule ist mit einem gro\u00dfen Display, auf das sowohl Lehrkr\u00e4fte als auch Sch\u00fcler mit ihren unterschiedlichen Endger\u00e4ten zugreifen k\u00f6nnen, und zus\u00e4tzlich mit einem AppleTV ausgestattet. Die Tafeln sind erhalten geblieben.<\/li>\n<li>Die Lehrkr\u00e4fte wurden mit IPads ausgestattet fortgebildet. Weitere Fortbildung erfolgt kontinuierlich. Eltern und Sch\u00fcler wurden in unterschiedlichen Veranstaltungen informiert und vorbereitet.<\/li>\n<\/ul>\n<p style=\"text-align: justify;\">Zurzeit evaluieren wir die Arbeit mit den Ger\u00e4ten im Jahrgang 8, bevor dann zum Schuljahr 2023\/24 weitere Jahrg\u00e4nge einbezogen werden. Auch viele Sch\u00fcler in den Jahrg\u00e4ngen 9 -13, die nicht zum Pilotjahrgang geh\u00f6ren, arbeiten seit geraumer Zeit erfolgreich mit digitalen Endger\u00e4ten, meist IPads. Im n\u00e4chsten Schritt wird an der wohl\u00fcberlegten\u00a0 Ver\u00e4nderung von Unterrichtseinheiten gearbeitet werden, denn die neue Technologie wird nicht nur Arbeitsprozesse ver\u00e4ndern, sondern auch die Art zu unterrichten und zu lernen.<\/p>\n<p>Weitere Informationen, u.a. eine Beschreibung der technischen\u00a0 Anforderungen an die Ger\u00e4te f\u00fcr den Kauf, finden Sie hier:<\/p>\n<p><a href=\"\/wp-content\/uploads\/2023\/02\/Benutzerordnung-Nutzung-digitale-Endger\u00e4te-November-2022.pdf\">Benutzerordnung Nutzung digitale Endger\u00e4te November 2022<\/a><\/p>\n<p><a href=\"\/wp-content\/uploads\/2023\/02\/Evaluation-Eltern-Digitalisierung-2023.pdf\">Evaluation Eltern Digitalisierung 2023<\/a><\/p>\n<p><a href=\"\/wp-content\/uploads\/2023\/02\/Evaluation-Sch\u00fcler-Digitalisierung-2023-.pdf\">Evaluation Sch\u00fcler Digitalisierung 2023<\/a><\/p>\n<p><a href=\"\/wp-content\/uploads\/2023\/02\/Medienbildungskonzept-Stand-10.-November-2022.pdf\">Medienbildungskonzept Stand 10. November 2022<\/a><\/p>\n<p><a href=\"\/wp-content\/uploads\/2023\/02\/Regeln-Nutzung-digitaler-Ger\u00e4te-Gymnasium-Uslar-Stand-November-2022.pdf\">Regeln Nutzung digitaler Ger\u00e4te Gymnasium Uslar Stand November 2022<\/a><\/p>\n<p><a href=\"https:\/\/www.gymnasium-uslar.de\/wp-content\/uploads\/2024\/05\/Techn.-Voraussetzungen-Einfuehrung-von-Digitalen-Endgeraeten-Mai-2024.pdf\">Techn. Voraussetzungen Einf\u00fchrung von Digitalen Endger\u00e4ten Mai 2024<\/a><\/p>\n","protected":false},"excerpt":{"rendered":"<p>Zum Schuljahr 2022\/23 starteten unsere 8. Klassen als Pilotjahrgang mit der Arbeit an digitalen Endger\u00e4ten. Lange Jahre der Vorbereitung waren vorausgegangen. Viele Entscheidungen wurden in der \u201eArbeitsgruppe Digitalisierung\u201c bestehend aus Lehrkr\u00e4ften, Eltern und Sch\u00fclern vorbereitet, in Gesamtkonferenzen und im Schulvorstand diskutiert und dann getroffen. Im gesamten Geb\u00e4ude wurde an der fl\u00e4chendeckenden Ausstattung mit WLAN gearbeitet. [&hellip;]<\/p>\n","protected":false},"author":2,"featured_media":0,"parent":0,"menu_order":0,"comment_status":"closed","ping_status":"closed","template":"","meta":{"footnotes":""},"class_list":["post-4770","page","type-page","status-publish","hentry"],"_links":{"self":[{"href":"https:\/\/www.gymnasium-uslar.de\/index.php?rest_route=\/wp\/v2\/pages\/4770","targetHints":{"allow":["GET"]}}],"collection":[{"href":"https:\/\/www.gymnasium-uslar.de\/index.php?rest_route=\/wp\/v2\/pages"}],"about":[{"href":"https:\/\/www.gymnasium-uslar.de\/index.php?rest_route=\/wp\/v2\/types\/page"}],"author":[{"embeddable":true,"href":"https:\/\/www.gymnasium-uslar.de\/index.php?rest_route=\/wp\/v2\/users\/2"}],"replies":[{"embeddable":true,"href":"https:\/\/www.gymnasium-uslar.de\/index.php?rest_route=%2Fwp%2Fv2%2Fcomments&post=4770"}],"version-history":[{"count":3,"href":"https:\/\/www.gymnasium-uslar.de\/index.php?rest_route=\/wp\/v2\/pages\/4770\/revisions"}],"predecessor-version":[{"id":5169,"href":"https:\/\/www.gymnasium-uslar.de\/index.php?rest_route=\/wp\/v2\/pages\/4770\/revisions\/5169"}],"wp:attachment":[{"href":"https:\/\/www.gymnasium-uslar.de\/index.php?rest_route=%2Fwp%2Fv2%2Fmedia&parent=4770"}],"curies":[{"name":"wp","href":"https:\/\/api.w.org\/{rel}","templated":true}]}}