{"id":486,"date":"2015-11-25T18:16:45","date_gmt":"2015-11-25T18:16:45","guid":{"rendered":"http:\/\/school.jakobreiter.de\/?page_id=486"},"modified":"2025-06-08T11:52:18","modified_gmt":"2025-06-08T09:52:18","slug":"ganztagsschule","status":"publish","type":"page","link":"https:\/\/www.gymnasium-uslar.de\/?page_id=486","title":{"rendered":"Ganztagsschule &#038; AGs"},"content":{"rendered":"\n<p>Das Gymnasium Uslar ist eine <strong>&#8222;offene Ganztagsschule&#8220;<\/strong>. An den Nachmittagsangeboten teilzunehmen ist f\u00fcr die Sch\u00fclerinnen und Sch\u00fcler also freiwillig. Besonders die Jahrg\u00e4nge 5 bis 7 nutzen die Aktivit\u00e4ten im sportlichen und kulturellen Bereich. In der Ganztagsschule haben sich neben wechselnden Angeboten auch Gruppen \u00a0etabliert, die immer wieder angew\u00e4hlt werden und einen festen Platz im Schulleben haben. Dazu geh\u00f6ren Theater und Sport. Die aktuellen Angebote sind unter dem Abschnitt &#8222;Organisation&#8220; aufgef\u00fchrt.<\/p>\n\n\n\n<p>Die Ganztagsschule findet von 13.30 &#8211; 15.00 statt. In der Mittagspause von 12.55 &#8211; 13.30 k\u00f6nnen die Sch\u00fclerinnen und Sch\u00fcler in der Mensa essen.<\/p>\n\n\n\n<blockquote class=\"wp-block-quote is-layout-flow wp-block-quote-is-layout-flow\">\n<p><span style=\"color: #000080;\">Auskunft zur Ganztagsschule gibt Herr Reiter.<\/span><\/p>\n<\/blockquote>\n\n\n\n<p>Au\u00dferhalb der Ganztagsschule gibt es Arbeitsgemeinschaften, die am Abend oder zu wechselnden Zeiten stattfinden. Eine Teilnahme ist nach R\u00fccksprache mit den verantwortlichen Lehrern m\u00f6glich.<\/p>\n\n\n\n<ul class=\"wp-block-list\">\n<li>Theater-AG (Hr. Bergmann)<\/li>\n\n\n\n<li>Orchester-AG (Fr. Kairat)<\/li>\n<\/ul>\n\n\n\n<p>&nbsp;<\/p>\n\n\n\n<p><\/p>\n","protected":false},"excerpt":{"rendered":"<p>Das Gymnasium Uslar ist eine &#8222;offene Ganztagsschule&#8220;. An den Nachmittagsangeboten teilzunehmen ist f\u00fcr die Sch\u00fclerinnen und Sch\u00fcler also freiwillig. Besonders die Jahrg\u00e4nge 5 bis 7 nutzen die Aktivit\u00e4ten im sportlichen und kulturellen Bereich. In der Ganztagsschule haben sich neben wechselnden Angeboten auch Gruppen \u00a0etabliert, die immer wieder angew\u00e4hlt werden und einen festen Platz im Schulleben [&hellip;]<\/p>\n","protected":false},"author":2,"featured_media":0,"parent":77,"menu_order":2,"comment_status":"closed","ping_status":"closed","template":"","meta":{"footnotes":""},"class_list":["post-486","page","type-page","status-publish","hentry"],"_links":{"self":[{"href":"https:\/\/www.gymnasium-uslar.de\/index.php?rest_route=\/wp\/v2\/pages\/486","targetHints":{"allow":["GET"]}}],"collection":[{"href":"https:\/\/www.gymnasium-uslar.de\/index.php?rest_route=\/wp\/v2\/pages"}],"about":[{"href":"https:\/\/www.gymnasium-uslar.de\/index.php?rest_route=\/wp\/v2\/types\/page"}],"author":[{"embeddable":true,"href":"https:\/\/www.gymnasium-uslar.de\/index.php?rest_route=\/wp\/v2\/users\/2"}],"replies":[{"embeddable":true,"href":"https:\/\/www.gymnasium-uslar.de\/index.php?rest_route=%2Fwp%2Fv2%2Fcomments&post=486"}],"version-history":[{"count":1,"href":"https:\/\/www.gymnasium-uslar.de\/index.php?rest_route=\/wp\/v2\/pages\/486\/revisions"}],"predecessor-version":[{"id":5351,"href":"https:\/\/www.gymnasium-uslar.de\/index.php?rest_route=\/wp\/v2\/pages\/486\/revisions\/5351"}],"up":[{"embeddable":true,"href":"https:\/\/www.gymnasium-uslar.de\/index.php?rest_route=\/wp\/v2\/pages\/77"}],"wp:attachment":[{"href":"https:\/\/www.gymnasium-uslar.de\/index.php?rest_route=%2Fwp%2Fv2%2Fmedia&parent=486"}],"curies":[{"name":"wp","href":"https:\/\/api.w.org\/{rel}","templated":true}]}}