{"id":64,"date":"2015-11-09T07:22:48","date_gmt":"2015-11-09T07:22:48","guid":{"rendered":"http:\/\/school.jakobreiter.de\/?page_id=64"},"modified":"2015-11-09T07:22:48","modified_gmt":"2015-11-09T07:22:48","slug":"sekundarstufe-i","status":"publish","type":"page","link":"https:\/\/www.gymnasium-uslar.de\/?page_id=64","title":{"rendered":"Sekundarstufe I"},"content":{"rendered":"<p><em><strong>Jahrg\u00e4nge 5 und 6<\/strong><\/em><\/p>\n<p><strong>Zusammenarbeit mit den Grundschulen<\/strong>: Es finden regelm\u00e4\u00dfige Treffen zwischen Grundschulen und weiterf\u00fchrenden Schulen statt, in denen sowohl fachspezifische als auch klassenspezifische und individuelle Belange angesprochen werden. Diesen Austausch empfinden wir als sehr hilfreich f\u00fcr die durchg\u00e4ngige Begleitung und kompetente Betreuung der Sch\u00fcler.<\/p>\n<p><strong>Einf\u00fchrungstage<\/strong>: Die ersten vier Schultage werden als \u201eEinf\u00fchrungstage\u201c vom Klassenlehrerteam gestaltet. Im Mittelpunkt stehen gegenseitiges Kennenlernen und das Schaffen eines guten Klassenklimas, in dem sich jeder wohlf\u00fchlen kann. Einige Stunden Fachunterricht werden bereits erteilt.<\/p>\n<p><strong>Klassenlehrerteams<\/strong>: Im 5. und 6. Jahrgang werden die Klassen von einem Klassenlehrerteam (meist eine Lehrerin und ein Lehrer) geleitet, die die Klasse gemeinsam betreuen und eine vertrauensvolle Beziehung zu den Sch\u00fclern aufbauen, sodass eine intensive Begleitung m\u00f6glich ist.<\/p>\n<p><strong>Elternarbeit<\/strong>: Wir legen von Anfang an Wert auf eine enge Zusammenarbeit mit dem Elternhaus, damit bei auftretenden Problemen sofort und sinnvoll gemeinsam nach L\u00f6sungen gesucht werden kann.<\/p>\n<p><strong>Klassenfahrt 1<\/strong>: Zu Beginn der 6. Klasse findet eine Klassenfahrt in die n\u00e4here Umgebung statt (z.B. in den Harz). Ziel dieser Fahrt ist die St\u00e4rkung der Klassengemeinschaft, der Schwerpunkt liegt also auf dem sozialen Lernen und dem gemeinsamen Erleben.<\/p>\n<p><strong>Beginn der 2. Fremdsprache (Franz\u00f6sisch oder Latein<\/strong>)<strong> im Jahrgang 6<\/strong>: Die Sch\u00fclerinnen und Sch\u00fcler beginnen als 2. Fremdsprache entweder Latein oder Franz\u00f6sisch. Mit Abschluss der Klasse 10 und der Note &#8222;ausreichend&#8220; wird im Fach Latein das Latinum erworben.\u00a0Als 3. Fremdsprache wird im Wahlpflichtunterricht Spanisch angeboten.<\/p>\n<hr \/>\n<hr \/>\n<p><em><strong>Jahrg\u00e4nge 7 und 8<\/strong><\/em><\/p>\n<p><strong>Klassenlehrerteams: <\/strong>Wechsel der Teams, Gestaltung der Aktionstage zum \u201esozialen Lernen\u201c.<\/p>\n<p><strong>Wahlpflichtunterricht<\/strong>: Da das Gymnasium Uslar nach der Stundentafel 2 unterrichtet, findet von der 8. bis zur 10. Klasse Wahlpflichtunterricht statt. Im WPU k\u00f6nnen die Sch\u00fcler eine dritte Fremdsprache (Spanisch) lernen oder sie k\u00f6nnen einen Kurs aus dem naturwissenschaftlich-mathematischen, musisch-k\u00fcnstlerischen oder gesellschaftswissenschaftlichen Bereich w\u00e4hlen. Unser Ziel ist es, dadurch eine Vertiefung von Interessen und eine F\u00f6rderung von Begabungen zu erm\u00f6glichen.<\/p>\n<p><strong>Austausch mit Gien \/ Frankreich im Jahrgang 8<\/strong>: m\u00f6glich f\u00fcr Sch\u00fcler, die seit der 6. Klasse Franz\u00f6sisch lernen.<\/p>\n<hr \/>\n<hr \/>\n<p><em><strong>Jahrg\u00e4nge 9 und 10<\/strong><\/em><\/p>\n<p><strong>Wahlpflichtunterricht:<\/strong> Fortf\u00fchrung<\/p>\n<p><strong>Klassenfahrt 2<\/strong>: Ende der 9. Klasse findet eine Klassenfahrt statt, bei der ein Ziel in Deutschland oder Holland (Segeln) gew\u00e4hlt wird.<\/p>\n<p><strong>Austausch mit Polen<\/strong>: Teilnahme m\u00f6glich<\/p>\n<p><strong>Betriebspraktikum: <\/strong>Drei Wochen im 1. Halbjahr von Klasse 10<\/p>\n<p><strong>Individueller Sch\u00fcleraustausch: <\/strong>Unterschiedliche Zeitr\u00e4ume sind m\u00f6glich &#8211; von wenigen Wochen bis zu einem Jahr. Die Schule hilft bei der Organisation.<\/p>\n","protected":false},"excerpt":{"rendered":"<p>Jahrg\u00e4nge 5 und 6 Zusammenarbeit mit den Grundschulen: Es finden regelm\u00e4\u00dfige Treffen zwischen Grundschulen und weiterf\u00fchrenden Schulen statt, in denen sowohl fachspezifische als auch klassenspezifische und individuelle Belange angesprochen werden. Diesen Austausch empfinden wir als sehr hilfreich f\u00fcr die durchg\u00e4ngige Begleitung und kompetente Betreuung der Sch\u00fcler. Einf\u00fchrungstage: Die ersten vier Schultage werden als \u201eEinf\u00fchrungstage\u201c vom [&hellip;]<\/p>\n","protected":false},"author":2,"featured_media":0,"parent":1166,"menu_order":2,"comment_status":"closed","ping_status":"closed","template":"","meta":{"footnotes":""},"class_list":["post-64","page","type-page","status-publish","hentry"],"_links":{"self":[{"href":"https:\/\/www.gymnasium-uslar.de\/index.php?rest_route=\/wp\/v2\/pages\/64","targetHints":{"allow":["GET"]}}],"collection":[{"href":"https:\/\/www.gymnasium-uslar.de\/index.php?rest_route=\/wp\/v2\/pages"}],"about":[{"href":"https:\/\/www.gymnasium-uslar.de\/index.php?rest_route=\/wp\/v2\/types\/page"}],"author":[{"embeddable":true,"href":"https:\/\/www.gymnasium-uslar.de\/index.php?rest_route=\/wp\/v2\/users\/2"}],"replies":[{"embeddable":true,"href":"https:\/\/www.gymnasium-uslar.de\/index.php?rest_route=%2Fwp%2Fv2%2Fcomments&post=64"}],"version-history":[{"count":0,"href":"https:\/\/www.gymnasium-uslar.de\/index.php?rest_route=\/wp\/v2\/pages\/64\/revisions"}],"up":[{"embeddable":true,"href":"https:\/\/www.gymnasium-uslar.de\/index.php?rest_route=\/wp\/v2\/pages\/1166"}],"wp:attachment":[{"href":"https:\/\/www.gymnasium-uslar.de\/index.php?rest_route=%2Fwp%2Fv2%2Fmedia&parent=64"}],"curies":[{"name":"wp","href":"https:\/\/api.w.org\/{rel}","templated":true}]}}