{"id":843,"date":"2015-12-13T18:13:33","date_gmt":"2015-12-13T18:13:33","guid":{"rendered":"http:\/\/school.jakobreiter.de\/?page_id=843"},"modified":"2015-12-13T18:13:33","modified_gmt":"2015-12-13T18:13:33","slug":"religion","status":"publish","type":"page","link":"https:\/\/www.gymnasium-uslar.de\/?page_id=843","title":{"rendered":"Religion"},"content":{"rendered":"<p>Religion ist ein Unterrichtsfach wie jedes andere auch: Arbeiten werden geschrieben, Mitarbeit und Mappenf\u00fchrung benotet, die Zeugnisnoten sind versetzungsrelevant. Dar\u00fcber hinaus wird es als einziges Schulfach auf dem Hintergrund der Erfahrungen des Dritten Reiches vom Grundgesetz garantiert und es werden hier Themen und Fragen angesprochen, die sonst eher selten im Unterricht eine Rolle spielen k\u00f6nnen, wie zum Beispiel:<\/p>\n<p>Wie verstehen wir unsere Welt? Was ist der Mensch wert? Was macht Leben aus und was ist wesentlich im Sterben und in Anbetracht des Todes? Wie kann Zusammenleben funktionieren? Woher wissen Menschen, was sie tun sollen? Was bedeutet Christsein? Was sind die Kernaussagen der andern gro\u00dfen Religionen?<\/p>\n<p>Da viele dieser Fragen so wichtig sind, gibt es auch das Alternativfach Werte und Normen, f\u00fcr die, die nicht am RU teilnehmen.<\/p>\n<p>Grunds\u00e4tzlich aber gilt: Jeder, der m\u00f6chte, ist herzlich eingeladen, am Religionsunterricht teilzunehmen, egal ob getauft und\/ oder konfirmiert. Rein rechtlich sind Kinder aus katholischen oder evangelischen Familien zur Teilnahme am RU verpflichtet. Wer dies nicht m\u00f6chte, muss schriftlich mit einer Begr\u00fcndung die Nicht-Teilnahme erkl\u00e4ren. Ab 14 Jahren kann das infolge der Religionsm\u00fcndigkeit ohne und vorher nur mit Zustimmung und Unterschrift der Eltern passieren. Aus schulorganisatorischen Gr\u00fcnden ist dies nur zum Halbjahrswechsel m\u00f6glich.<\/p>\n<p><em><strong>Begr\u00fc\u00dfungsgottesdienste<\/strong><\/em><\/p>\n<p>Weil christlicher Glaube auch ganz wesentlich von seiner Praxis her zu verstehen ist, ist seit vielen Jahren die Vorbereitung und Durchf\u00fchrung der Begr\u00fc\u00dfungsgottesdienste f\u00fcr die neuen F\u00fcnftkl\u00e4ssler wesentlicher Teil des Schulcurriculums. Vor den Sommerferien bereiten die Sch\u00fclerinnen und Sch\u00fcler der 5. Klassen Anspiele, Aktionen, Gebete, musikalische Beitr\u00e4ge und kleine Mitgebsel sowohl im RU als auch mit einem der Musiklehrer vor. Der Gottesdienst findet stets am Einschulungstag nach den Sommerferien vor der Begr\u00fc\u00dfung im Gymnasium statt. Vorbereitung und Durchf\u00fchrung sind \u00f6kumenisch angelegt, aus Platzgr\u00fcnden trifft man sich in der evangelisch-landeskirchlichen Kirche in Uslar. Diese ganz konkrete Mitarbeit an der Aufnahme der neuen Mitsch\u00fcler ist f\u00fcr die bislang \u201eJ\u00fcngsten\u201c im Gymnasium immer etwas Besonderes und f\u00f6rdert unter anderem ihre Zugeh\u00f6rigkeit und das Verantwortungsgef\u00fchl.<\/p>\n<p><em><strong>Abiturgottesdienste<\/strong><\/em><\/p>\n<p>In diesem Sommer (2014) wird es nach 2012 hoffentlich zum zweiten Mal gelingen, die Abiturienten au\u00dfer mit der offiziellen Entlassungsfeier auch mit einem Gottesdienst aus unserer Schule zu verabschieden. Diesen Gottesdienst bereiten Abiturienten, die Lust dazu haben, unterst\u00fctzt von ihren jeweiligen Religionslehrkr\u00e4ften vor.<\/p>\n<p><em><strong>Pr\u00fcfungsfach<\/strong><\/em><\/p>\n<p>Seit es die M\u00f6glichkeit gibt, Religion als Abiturpr\u00fcfungsfach zu belegen, bieten wir dies j\u00e4hrlich auf den verschiedenen Niveaus an. Sehr viele Sch\u00fclerinnen und Sch\u00fcler konnten wir in evangelischer Religion auf diesem Weg schon auf das Abitur vorbereiten.<\/p>\n<p>Dass Religion ein Fach ist wie jedes andere und klare gedankliche Mitarbeit und ein Durchdenken der Themen fordert, zeigt sich auch bei den Vorgaben f\u00fcr die Abiturpr\u00fcfung.<\/p>\n","protected":false},"excerpt":{"rendered":"<p>Religion ist ein Unterrichtsfach wie jedes andere auch: Arbeiten werden geschrieben, Mitarbeit und Mappenf\u00fchrung benotet, die Zeugnisnoten sind versetzungsrelevant. Dar\u00fcber hinaus wird es als einziges Schulfach auf dem Hintergrund der Erfahrungen des Dritten Reiches vom Grundgesetz garantiert und es werden hier Themen und Fragen angesprochen, die sonst eher selten im Unterricht eine Rolle spielen k\u00f6nnen, [&hellip;]<\/p>\n","protected":false},"author":2,"featured_media":0,"parent":1177,"menu_order":8,"comment_status":"closed","ping_status":"closed","template":"","meta":{"footnotes":""},"class_list":["post-843","page","type-page","status-publish","hentry"],"_links":{"self":[{"href":"https:\/\/www.gymnasium-uslar.de\/index.php?rest_route=\/wp\/v2\/pages\/843","targetHints":{"allow":["GET"]}}],"collection":[{"href":"https:\/\/www.gymnasium-uslar.de\/index.php?rest_route=\/wp\/v2\/pages"}],"about":[{"href":"https:\/\/www.gymnasium-uslar.de\/index.php?rest_route=\/wp\/v2\/types\/page"}],"author":[{"embeddable":true,"href":"https:\/\/www.gymnasium-uslar.de\/index.php?rest_route=\/wp\/v2\/users\/2"}],"replies":[{"embeddable":true,"href":"https:\/\/www.gymnasium-uslar.de\/index.php?rest_route=%2Fwp%2Fv2%2Fcomments&post=843"}],"version-history":[{"count":0,"href":"https:\/\/www.gymnasium-uslar.de\/index.php?rest_route=\/wp\/v2\/pages\/843\/revisions"}],"up":[{"embeddable":true,"href":"https:\/\/www.gymnasium-uslar.de\/index.php?rest_route=\/wp\/v2\/pages\/1177"}],"wp:attachment":[{"href":"https:\/\/www.gymnasium-uslar.de\/index.php?rest_route=%2Fwp%2Fv2%2Fmedia&parent=843"}],"curies":[{"name":"wp","href":"https:\/\/api.w.org\/{rel}","templated":true}]}}